{"id":4307,"date":"2025-11-05T20:03:37","date_gmt":"2025-11-05T20:03:37","guid":{"rendered":"https:\/\/beautymehrnaz.ca\/?page_id=4307"},"modified":"2025-11-06T16:55:54","modified_gmt":"2025-11-06T16:55:54","slug":"eyelash-lift","status":"publish","type":"page","link":"https:\/\/beautymehrnaz.ca\/fr\/eyelash-lift\/","title":{"rendered":"Rehaussement de cils"},"content":{"rendered":"<div data-elementor-type=\"wp-page\" data-elementor-id=\"4307\" class=\"elementor elementor-4307\">\n\t\t\t\t<div class=\"elementor-element elementor-element-2bb8ecd e-flex e-con-boxed e-con e-parent\" data-id=\"2bb8ecd\" data-element_type=\"container\">\n\t\t\t\t\t<div class=\"e-con-inner\">\n\t\t<div class=\"elementor-element elementor-element-f4387d4 e-con-full e-flex e-con e-child\" data-id=\"f4387d4\" data-element_type=\"container\">\n\t\t\t\t<div class=\"elementor-element elementor-element-5e52ff6 elementor-widget elementor-widget-rasmsectiontitle\" data-id=\"5e52ff6\" data-element_type=\"widget\" data-widget_type=\"rasmsectiontitle.default\">\n\t\t\t\t<div class=\"elementor-widget-container\">\n\t\t\t\t\t<div class=\"title-area mb-25\" ><span class=\"sub-title subtitle-selector\">Eyelash Lift\n Treatment\n<img decoding=\"async\" src=\"https:\/\/wordpress.themehour.net\/rasm\/wp-content\/uploads\/2023\/07\/title_right.svg\" alt=\"title_right\"  class=\"icon\" \/><\/span><h2 class=\"sec-title title-selector\">(\u00e9galement appel\u00e9 \u00ab soin du visage personnalis\u00e9 \u00bb)\n<\/h2><p class=\"desc-selector\">R\u00e9v\u00e9lez l'\u00e9clat naturel de votre peau gr\u00e2ce \u00e0 notre soin du visage chez Beauty Mehrnaz \u2013 une exp\u00e9rience de soin personnalis\u00e9e qui purifie, hydrate et rajeunit votre teint.\n<\/p><\/div>\t\t\t\t<\/div>\n\t\t\t\t<\/div>\n\t\t\t\t<\/div>\n\t\t\t\t\t<\/div>\n\t\t\t\t<\/div>\n\t\t<div class=\"elementor-element elementor-element-b1477e3 e-flex e-con-boxed e-con e-parent\" data-id=\"b1477e3\" data-element_type=\"container\">\n\t\t\t\t\t<div class=\"e-con-inner\">\n\t\t<div class=\"elementor-element elementor-element-ebb401c e-con-full e-flex e-con e-child\" data-id=\"ebb401c\" data-element_type=\"container\">\n\t\t\t\t<div class=\"elementor-element elementor-element-10f9ec8 elementor-widget elementor-widget-rasmsectiontitle\" data-id=\"10f9ec8\" data-element_type=\"widget\" data-widget_type=\"rasmsectiontitle.default\">\n\t\t\t\t<div class=\"elementor-widget-container\">\n\t\t\t\t\t<div class=\"title-area mb-25\" ><h2 class=\"sec-title title-selector\">Pourquoi choisir notre soin du visage ?<\/h2><p class=\"desc-selector\">Chaque soin du visage est personnalis\u00e9 en fonction des besoins sp\u00e9cifiques de votre peau, combinant un nettoyage en profondeur, une exfoliation et une hydratation avanc\u00e9e pour obtenir un teint \u00e9clatant et jeune.\n<\/p><\/div>\t\t\t\t<\/div>\n\t\t\t\t<\/div>\n\t\t\t\t<\/div>\n\t\t\t\t\t<\/div>\n\t\t\t\t<\/div>\n\t\t<div class=\"elementor-element elementor-element-9eb6aac e-flex e-con-boxed e-con e-parent\" data-id=\"9eb6aac\" data-element_type=\"container\">\n\t\t\t\t\t<div class=\"e-con-inner\">\n\t\t<div class=\"elementor-element elementor-element-fecde98 e-con-full e-flex e-con e-child\" data-id=\"fecde98\" data-element_type=\"container\">\n\t\t\t\t<div class=\"elementor-element elementor-element-8d1be65 elementor-widget elementor-widget-rasmsectiontitle\" data-id=\"8d1be65\" data-element_type=\"widget\" data-widget_type=\"rasmsectiontitle.default\">\n\t\t\t\t<div class=\"elementor-widget-container\">\n\t\t\t\t\t<div class=\"title-area mb-25\" ><h2 class=\"sec-title title-selector\">Principaux avantages\u00a0:\n<\/h2><p class=\"desc-selector\"> \u2022 Nettoyage en profondeur : \u00c9limine les impuret\u00e9s, l'exc\u00e8s de s\u00e9bum et les r\u00e9sidus pour r\u00e9v\u00e9ler une peau fra\u00eeche et nette.\n<\/p><\/div>\t\t\t\t<\/div>\n\t\t\t\t<\/div>\n\t\t\t\t<\/div>\n\t\t\t\t\t<\/div>\n\t\t\t\t<\/div>\n\t\t<div class=\"elementor-element elementor-element-0d0e180 e-flex e-con-boxed e-con e-parent\" data-id=\"0d0e180\" data-element_type=\"container\">\n\t\t\t\t\t<div class=\"e-con-inner\">\n\t\t<div class=\"elementor-element elementor-element-0ff88cb e-con-full e-flex e-con e-child\" data-id=\"0ff88cb\" data-element_type=\"container\">\n\t\t\t\t<div class=\"elementor-element elementor-element-0f4d99b elementor-widget elementor-widget-rasmsectiontitle\" data-id=\"0f4d99b\" data-element_type=\"widget\" data-widget_type=\"rasmsectiontitle.default\">\n\t\t\t\t<div class=\"elementor-widget-container\">\n\t\t\t\t\t<div class=\"title-area mb-25\" ><p class=\"desc-selector\"> \u2022 Hydratation intense : Apporte hydratation et nutriments pour restaurer l'\u00e9quilibre et l'\u00e9lasticit\u00e9 de votre peau.\n<\/p><\/div>\t\t\t\t<\/div>\n\t\t\t\t<\/div>\n\t\t\t\t<\/div>\n\t\t\t\t\t<\/div>\n\t\t\t\t<\/div>\n\t\t<div class=\"elementor-element elementor-element-66893e2 e-flex e-con-boxed e-con e-parent\" data-id=\"66893e2\" data-element_type=\"container\">\n\t\t\t\t\t<div class=\"e-con-inner\">\n\t\t<div class=\"elementor-element elementor-element-f670763 e-con-full e-flex e-con e-child\" data-id=\"f670763\" data-element_type=\"container\">\n\t\t\t\t<div class=\"elementor-element elementor-element-7101f1c elementor-widget elementor-widget-rasmsectiontitle\" data-id=\"7101f1c\" data-element_type=\"widget\" data-widget_type=\"rasmsectiontitle.default\">\n\t\t\t\t<div class=\"elementor-widget-container\">\n\t\t\t\t\t<div class=\"title-area mb-25\" ><p class=\"desc-selector\"> \u2022 Effets anti-\u00e2ge : R\u00e9duit les ridules et favorise une apparence plus ferme et plus jeune.\n\n<\/p><\/div>\t\t\t\t<\/div>\n\t\t\t\t<\/div>\n\t\t\t\t<\/div>\n\t\t\t\t\t<\/div>\n\t\t\t\t<\/div>\n\t\t<div class=\"elementor-element elementor-element-c29cc42 e-flex e-con-boxed e-con e-parent\" data-id=\"c29cc42\" data-element_type=\"container\">\n\t\t\t\t\t<div class=\"e-con-inner\">\n\t\t<div class=\"elementor-element elementor-element-88575a9 e-con-full e-flex e-con e-child\" data-id=\"88575a9\" data-element_type=\"container\">\n\t\t\t\t<div class=\"elementor-element elementor-element-ffea916 elementor-widget elementor-widget-rasmsectiontitle\" data-id=\"ffea916\" data-element_type=\"widget\" data-widget_type=\"rasmsectiontitle.default\">\n\t\t\t\t<div class=\"elementor-widget-container\">\n\t\t\t\t\t<div class=\"title-area mb-25\" ><p class=\"desc-selector\"> \u2022 Teint uniforme : Illumine les peaux ternes et am\u00e9liore l'aspect g\u00e9n\u00e9ral du teint.\n<\/p><\/div>\t\t\t\t<\/div>\n\t\t\t\t<\/div>\n\t\t\t\t<\/div>\n\t\t\t\t\t<\/div>\n\t\t\t\t<\/div>\n\t\t<div class=\"elementor-element elementor-element-6b3f2f6 e-flex e-con-boxed e-con e-parent\" data-id=\"6b3f2f6\" data-element_type=\"container\">\n\t\t\t\t\t<div class=\"e-con-inner\">\n\t\t<div class=\"elementor-element elementor-element-456c28d e-con-full e-flex e-con e-child\" data-id=\"456c28d\" data-element_type=\"container\">\n\t\t\t\t<div class=\"elementor-element elementor-element-d66f2ff elementor-widget elementor-widget-rasmsectiontitle\" data-id=\"d66f2ff\" data-element_type=\"widget\" data-widget_type=\"rasmsectiontitle.default\">\n\t\t\t\t<div class=\"elementor-widget-container\">\n\t\t\t\t\t<div class=\"title-area mb-25\" ><p class=\"desc-selector\"> \u2022Exp\u00e9rience relaxante : Comprend un doux massage du visage qui apaise \u00e0 la fois la peau et l'esprit.\n<\/p><\/div>\t\t\t\t<\/div>\n\t\t\t\t<\/div>\n\t\t\t\t<\/div>\n\t\t\t\t\t<\/div>\n\t\t\t\t<\/div>\n\t\t<div class=\"elementor-element elementor-element-f46ff8e e-flex e-con-boxed e-con e-parent\" data-id=\"f46ff8e\" data-element_type=\"container\">\n\t\t\t\t\t<div class=\"e-con-inner\">\n\t\t<div class=\"elementor-element elementor-element-b57b43e e-con-full e-flex e-con e-child\" data-id=\"b57b43e\" data-element_type=\"container\">\n\t\t\t\t<div class=\"elementor-element elementor-element-0b262e1 elementor-widget elementor-widget-rasmsectiontitle\" data-id=\"0b262e1\" data-element_type=\"widget\" data-widget_type=\"rasmsectiontitle.default\">\n\t\t\t\t<div class=\"elementor-widget-container\">\n\t\t\t\t\t<div class=\"title-area mb-25\" ><p class=\"desc-selector\">D\u00e9couvrez un soin du visage qui va bien au-del\u00e0 des simples soins de la peau : c'est une v\u00e9ritable exp\u00e9rience de bien-\u00eatre.<\/p><\/div>\t\t\t\t<\/div>\n\t\t\t\t<\/div>\n\t\t\t\t<\/div>\n\t\t\t\t\t<\/div>\n\t\t\t\t<\/div>\n\t\t\t\t<\/div>","protected":false},"excerpt":{"rendered":"<p>Eyelash Lift Treatment (also known as a \u201cCustomized Skin Facial\u201d) Reveal your skin\u2019s natural glow with our Facial Treatment at Beauty Mehrnaz \u2014 a tailored skincare experience that purifies, hydrates, and rejuvenates your complexion. Why Choose Our Facial? Each facial is customized to your skin\u2019s unique needs, blending deep cleansing, exfoliation, and advanced hydration to&#8230;<\/p>","protected":false},"author":1,"featured_media":0,"parent":0,"menu_order":0,"comment_status":"closed","ping_status":"closed","template":"","meta":{"footnotes":""},"class_list":["post-4307","page","type-page","status-publish","hentry"],"_links":{"self":[{"href":"https:\/\/beautymehrnaz.ca\/fr\/wp-json\/wp\/v2\/pages\/4307","targetHints":{"allow":["GET"]}}],"collection":[{"href":"https:\/\/beautymehrnaz.ca\/fr\/wp-json\/wp\/v2\/pages"}],"about":[{"href":"https:\/\/beautymehrnaz.ca\/fr\/wp-json\/wp\/v2\/types\/page"}],"author":[{"embeddable":true,"href":"https:\/\/beautymehrnaz.ca\/fr\/wp-json\/wp\/v2\/users\/1"}],"replies":[{"embeddable":true,"href":"https:\/\/beautymehrnaz.ca\/fr\/wp-json\/wp\/v2\/comments?post=4307"}],"version-history":[{"count":7,"href":"https:\/\/beautymehrnaz.ca\/fr\/wp-json\/wp\/v2\/pages\/4307\/revisions"}],"predecessor-version":[{"id":4411,"href":"https:\/\/beautymehrnaz.ca\/fr\/wp-json\/wp\/v2\/pages\/4307\/revisions\/4411"}],"wp:attachment":[{"href":"https:\/\/beautymehrnaz.ca\/fr\/wp-json\/wp\/v2\/media?parent=4307"}],"curies":[{"name":"wp","href":"https:\/\/api.w.org\/{rel}","templated":true}]}}