{"id":4306,"date":"2025-11-05T20:03:15","date_gmt":"2025-11-05T20:03:15","guid":{"rendered":"https:\/\/beautymehrnaz.ca\/?page_id=4306"},"modified":"2025-11-06T16:55:41","modified_gmt":"2025-11-06T16:55:41","slug":"facial-treatment","status":"publish","type":"page","link":"https:\/\/beautymehrnaz.ca\/fr\/facial-treatment\/","title":{"rendered":"Soin du visage"},"content":{"rendered":"<div data-elementor-type=\"wp-page\" data-elementor-id=\"4306\" class=\"elementor elementor-4306\">\n\t\t\t\t<div class=\"elementor-element elementor-element-8d54d32 e-flex e-con-boxed e-con e-parent\" data-id=\"8d54d32\" data-element_type=\"container\">\n\t\t\t\t\t<div class=\"e-con-inner\">\n\t\t<div class=\"elementor-element elementor-element-3313edd e-con-full e-flex e-con e-child\" data-id=\"3313edd\" data-element_type=\"container\">\n\t\t\t\t<div class=\"elementor-element elementor-element-c006394 elementor-widget elementor-widget-rasmsectiontitle\" data-id=\"c006394\" data-element_type=\"widget\" data-widget_type=\"rasmsectiontitle.default\">\n\t\t\t\t<div class=\"elementor-widget-container\">\n\t\t\t\t\t<div class=\"title-area mb-25\" ><span class=\"sub-title subtitle-selector\">Soin du visage\n<img decoding=\"async\" src=\"https:\/\/wordpress.themehour.net\/rasm\/wp-content\/uploads\/2023\/07\/title_right.svg\" alt=\"title_right\"  class=\"icon\" \/><\/span><h2 class=\"sec-title title-selector\">Soin du visage\n<\/h2><p class=\"desc-selector\">Sublimez votre beaut\u00e9 naturelle gr\u00e2ce \u00e0 notre rehaussement de cils chez Beauty Mehrnaz \u2013 un traitement semi-permanent qui lifte, recourbe et d\u00e9finit vos cils pour un effet spectaculaire qui agrandit le regard.\n<\/p><\/div>\t\t\t\t<\/div>\n\t\t\t\t<\/div>\n\t\t\t\t<\/div>\n\t\t\t\t\t<\/div>\n\t\t\t\t<\/div>\n\t\t<div class=\"elementor-element elementor-element-527a174 e-flex e-con-boxed e-con e-parent\" data-id=\"527a174\" data-element_type=\"container\">\n\t\t\t\t\t<div class=\"e-con-inner\">\n\t\t<div class=\"elementor-element elementor-element-e4118b6 e-con-full e-flex e-con e-child\" data-id=\"e4118b6\" data-element_type=\"container\">\n\t\t\t\t<div class=\"elementor-element elementor-element-8036fab elementor-widget elementor-widget-rasmsectiontitle\" data-id=\"8036fab\" data-element_type=\"widget\" data-widget_type=\"rasmsectiontitle.default\">\n\t\t\t\t<div class=\"elementor-widget-container\">\n\t\t\t\t\t<div class=\"title-area mb-25\" ><h2 class=\"sec-title title-selector\">Pourquoi choisir notre rehaussement de cils ?<\/h2><p class=\"desc-selector\">Notre rehaussement de cils est l'alternative parfaite aux extensions, offrant un look naturel mais spectaculaire qui dure des semaines, sans aucun entretien.\n<\/p><\/div>\t\t\t\t<\/div>\n\t\t\t\t<\/div>\n\t\t\t\t<\/div>\n\t\t\t\t\t<\/div>\n\t\t\t\t<\/div>\n\t\t<div class=\"elementor-element elementor-element-48bf940 e-flex e-con-boxed e-con e-parent\" data-id=\"48bf940\" data-element_type=\"container\">\n\t\t\t\t\t<div class=\"e-con-inner\">\n\t\t<div class=\"elementor-element elementor-element-2463070 e-con-full e-flex e-con e-child\" data-id=\"2463070\" data-element_type=\"container\">\n\t\t\t\t<div class=\"elementor-element elementor-element-4685ab9 elementor-widget elementor-widget-rasmsectiontitle\" data-id=\"4685ab9\" data-element_type=\"widget\" data-widget_type=\"rasmsectiontitle.default\">\n\t\t\t\t<div class=\"elementor-widget-container\">\n\t\t\t\t\t<div class=\"title-area mb-25\" ><h2 class=\"sec-title title-selector\">Principaux avantages\u00a0:\n<\/h2><p class=\"desc-selector\"> \u2022 Aspect naturellement rehauss\u00e9 : Soul\u00e8ve et recourbe d\u00e9licatement vos cils naturels de la racine \u00e0 la pointe.\n\n<\/p><\/div>\t\t\t\t<\/div>\n\t\t\t\t<\/div>\n\t\t\t\t<\/div>\n\t\t\t\t\t<\/div>\n\t\t\t\t<\/div>\n\t\t<div class=\"elementor-element elementor-element-0d469ad e-flex e-con-boxed e-con e-parent\" data-id=\"0d469ad\" data-element_type=\"container\">\n\t\t\t\t\t<div class=\"e-con-inner\">\n\t\t<div class=\"elementor-element elementor-element-195dd0e e-con-full e-flex e-con e-child\" data-id=\"195dd0e\" data-element_type=\"container\">\n\t\t\t\t<div class=\"elementor-element elementor-element-835954e elementor-widget elementor-widget-rasmsectiontitle\" data-id=\"835954e\" data-element_type=\"widget\" data-widget_type=\"rasmsectiontitle.default\">\n\t\t\t\t<div class=\"elementor-widget-container\">\n\t\t\t\t\t<div class=\"title-area mb-25\" ><p class=\"desc-selector\"> \u2022 Peu d'entretien : Pas besoin de se boucler les cils ni d'appliquer du mascara tous les jours.\n<\/p><\/div>\t\t\t\t<\/div>\n\t\t\t\t<\/div>\n\t\t\t\t<\/div>\n\t\t\t\t\t<\/div>\n\t\t\t\t<\/div>\n\t\t<div class=\"elementor-element elementor-element-25a3c2b e-flex e-con-boxed e-con e-parent\" data-id=\"25a3c2b\" data-element_type=\"container\">\n\t\t\t\t\t<div class=\"e-con-inner\">\n\t\t<div class=\"elementor-element elementor-element-bc7475c e-con-full e-flex e-con e-child\" data-id=\"bc7475c\" data-element_type=\"container\">\n\t\t\t\t<div class=\"elementor-element elementor-element-7a1c8f0 elementor-widget elementor-widget-rasmsectiontitle\" data-id=\"7a1c8f0\" data-element_type=\"widget\" data-widget_type=\"rasmsectiontitle.default\">\n\t\t\t\t<div class=\"elementor-widget-container\">\n\t\t\t\t\t<div class=\"title-area mb-25\" ><p class=\"desc-selector\"> \u2022 R\u00e9sultats longue dur\u00e9e : Vos cils restent magnifiquement recourb\u00e9s pendant 6 \u00e0 8 semaines.\n<\/p><\/div>\t\t\t\t<\/div>\n\t\t\t\t<\/div>\n\t\t\t\t<\/div>\n\t\t\t\t\t<\/div>\n\t\t\t\t<\/div>\n\t\t<div class=\"elementor-element elementor-element-d58aebc e-flex e-con-boxed e-con e-parent\" data-id=\"d58aebc\" data-element_type=\"container\">\n\t\t\t\t\t<div class=\"e-con-inner\">\n\t\t<div class=\"elementor-element elementor-element-018dc73 e-con-full e-flex e-con e-child\" data-id=\"018dc73\" data-element_type=\"container\">\n\t\t\t\t<div class=\"elementor-element elementor-element-ac7f5cf elementor-widget elementor-widget-rasmsectiontitle\" data-id=\"ac7f5cf\" data-element_type=\"widget\" data-widget_type=\"rasmsectiontitle.default\">\n\t\t\t\t<div class=\"elementor-widget-container\">\n\t\t\t\t\t<div class=\"title-area mb-25\" ><p class=\"desc-selector\"> \u2022 Effet d'ouverture du regard : Donne \u00e0 vos yeux une apparence plus grande, plus lumineuse et plus \u00e9veill\u00e9e.\n<\/p><\/div>\t\t\t\t<\/div>\n\t\t\t\t<\/div>\n\t\t\t\t<\/div>\n\t\t\t\t\t<\/div>\n\t\t\t\t<\/div>\n\t\t<div class=\"elementor-element elementor-element-21064f7 e-flex e-con-boxed e-con e-parent\" data-id=\"21064f7\" data-element_type=\"container\">\n\t\t\t\t\t<div class=\"e-con-inner\">\n\t\t<div class=\"elementor-element elementor-element-aaaf3f7 e-con-full e-flex e-con e-child\" data-id=\"aaaf3f7\" data-element_type=\"container\">\n\t\t\t\t<div class=\"elementor-element elementor-element-683ccbc elementor-widget elementor-widget-rasmsectiontitle\" data-id=\"683ccbc\" data-element_type=\"widget\" data-widget_type=\"rasmsectiontitle.default\">\n\t\t\t\t<div class=\"elementor-widget-container\">\n\t\t\t\t\t<div class=\"title-area mb-25\" ><p class=\"desc-selector\"> \u2022 Formule nourrissante : enrichie en k\u00e9ratine et en vitamines pour garder les cils sains et forts.\n\n<\/p><\/div>\t\t\t\t<\/div>\n\t\t\t\t<\/div>\n\t\t\t\t<\/div>\n\t\t\t\t\t<\/div>\n\t\t\t\t<\/div>\n\t\t<div class=\"elementor-element elementor-element-b6e33b5 e-flex e-con-boxed e-con e-parent\" data-id=\"b6e33b5\" data-element_type=\"container\">\n\t\t\t\t\t<div class=\"e-con-inner\">\n\t\t<div class=\"elementor-element elementor-element-8ea9594 e-con-full e-flex e-con e-child\" data-id=\"8ea9594\" data-element_type=\"container\">\n\t\t\t\t<div class=\"elementor-element elementor-element-b2e25ba elementor-widget elementor-widget-rasmsectiontitle\" data-id=\"b2e25ba\" data-element_type=\"widget\" data-widget_type=\"rasmsectiontitle.default\">\n\t\t\t\t<div class=\"elementor-widget-container\">\n\t\t\t\t\t<div class=\"title-area mb-25\" ><p class=\"desc-selector\">R\u00e9veillez-vous chaque jour avec des cils d'une beaut\u00e9 incomparable : \u00e9l\u00e9gants, naturels et qui vous donnent confiance en vous.<\/p><\/div>\t\t\t\t<\/div>\n\t\t\t\t<\/div>\n\t\t\t\t<\/div>\n\t\t\t\t\t<\/div>\n\t\t\t\t<\/div>\n\t\t\t\t<\/div>","protected":false},"excerpt":{"rendered":"<p>Facial Treatment (also known as a \u201cNatural Lash Enhancement\u201d) Enhance your natural beauty with our Eyelash Lift at Beauty Mehrnaz \u2014 a semi-permanent treatment that lifts, curls, and defines your lashes for a stunning, eye-opening effect. Why Choose Our Eyelash Lift? Our lash lift is the perfect alternative to extensions, offering a natural yet dramatic&#8230;<\/p>","protected":false},"author":1,"featured_media":0,"parent":0,"menu_order":0,"comment_status":"closed","ping_status":"closed","template":"","meta":{"footnotes":""},"class_list":["post-4306","page","type-page","status-publish","hentry"],"_links":{"self":[{"href":"https:\/\/beautymehrnaz.ca\/fr\/wp-json\/wp\/v2\/pages\/4306","targetHints":{"allow":["GET"]}}],"collection":[{"href":"https:\/\/beautymehrnaz.ca\/fr\/wp-json\/wp\/v2\/pages"}],"about":[{"href":"https:\/\/beautymehrnaz.ca\/fr\/wp-json\/wp\/v2\/types\/page"}],"author":[{"embeddable":true,"href":"https:\/\/beautymehrnaz.ca\/fr\/wp-json\/wp\/v2\/users\/1"}],"replies":[{"embeddable":true,"href":"https:\/\/beautymehrnaz.ca\/fr\/wp-json\/wp\/v2\/comments?post=4306"}],"version-history":[{"count":10,"href":"https:\/\/beautymehrnaz.ca\/fr\/wp-json\/wp\/v2\/pages\/4306\/revisions"}],"predecessor-version":[{"id":4408,"href":"https:\/\/beautymehrnaz.ca\/fr\/wp-json\/wp\/v2\/pages\/4306\/revisions\/4408"}],"wp:attachment":[{"href":"https:\/\/beautymehrnaz.ca\/fr\/wp-json\/wp\/v2\/media?parent=4306"}],"curies":[{"name":"wp","href":"https:\/\/api.w.org\/{rel}","templated":true}]}}