{"id":4302,"date":"2025-11-05T20:02:36","date_gmt":"2025-11-05T20:02:36","guid":{"rendered":"https:\/\/beautymehrnaz.ca\/?page_id=4302"},"modified":"2025-11-06T16:55:27","modified_gmt":"2025-11-06T16:55:27","slug":"nail-2","status":"publish","type":"page","link":"https:\/\/beautymehrnaz.ca\/fr\/nail-2\/","title":{"rendered":"Clou"},"content":{"rendered":"<div data-elementor-type=\"wp-page\" data-elementor-id=\"4302\" class=\"elementor elementor-4302\">\n\t\t\t\t<div class=\"elementor-element elementor-element-67c05cc e-flex e-con-boxed e-con e-parent\" data-id=\"67c05cc\" data-element_type=\"container\">\n\t\t\t\t\t<div class=\"e-con-inner\">\n\t\t\t\t<div class=\"elementor-element elementor-element-5d10a57 elementor-widget elementor-widget-rasmsectiontitle\" data-id=\"5d10a57\" data-element_type=\"widget\" data-widget_type=\"rasmsectiontitle.default\">\n\t\t\t\t<div class=\"elementor-widget-container\">\n\t\t\t\t\t<div class=\"title-area mb-25\" ><span class=\"sub-title subtitle-selector\">Nail\n Treatment\n<img decoding=\"async\" src=\"https:\/\/wordpress.themehour.net\/rasm\/wp-content\/uploads\/2023\/07\/title_right.svg\" alt=\"title_right\"  class=\"icon\" \/><\/span><h2 class=\"sec-title title-selector\">(\u00e9galement connu sous le nom de \u00ab Soins des ongles de luxe \u00bb)\n<\/h2><p class=\"desc-selector\">Offrez-vous l'art des ongles parfaits gr\u00e2ce \u00e0 notre soin des ongles chez Beauty Mehrnaz \u2013 une exp\u00e9rience de bien-\u00eatre qui allie beaut\u00e9, soin et pr\u00e9cision pour des mains et des pieds impeccables.<\/p><\/div>\t\t\t\t<\/div>\n\t\t\t\t<\/div>\n\t\t\t\t\t<\/div>\n\t\t\t\t<\/div>\n\t\t<div class=\"elementor-element elementor-element-a8ca145 e-flex e-con-boxed e-con e-parent\" data-id=\"a8ca145\" data-element_type=\"container\">\n\t\t\t\t\t<div class=\"e-con-inner\">\n\t\t\t\t<div class=\"elementor-element elementor-element-f81a511 elementor-widget elementor-widget-rasmsectiontitle\" data-id=\"f81a511\" data-element_type=\"widget\" data-widget_type=\"rasmsectiontitle.default\">\n\t\t\t\t<div class=\"elementor-widget-container\">\n\t\t\t\t\t<div class=\"title-area mb-25\" ><h2 class=\"sec-title title-selector\">Pourquoi choisir notre soin des ongles ?<\/h2><p class=\"desc-selector\">Notre service va bien au-del\u00e0 d'une simple manucure ou p\u00e9dicure. Il s'agit d'un rituel revitalisant con\u00e7u pour nourrir, renforcer et embellir vos ongles tout en vous apportant une touche d'\u00e9l\u00e9gance et de confiance.\n<\/p><\/div>\t\t\t\t<\/div>\n\t\t\t\t<\/div>\n\t\t\t\t\t<\/div>\n\t\t\t\t<\/div>\n\t\t<div class=\"elementor-element elementor-element-03ecaea e-flex e-con-boxed e-con e-parent\" data-id=\"03ecaea\" data-element_type=\"container\">\n\t\t\t\t\t<div class=\"e-con-inner\">\n\t\t<div class=\"elementor-element elementor-element-acc15e9 e-con-full e-flex e-con e-child\" data-id=\"acc15e9\" data-element_type=\"container\">\n\t\t\t\t<div class=\"elementor-element elementor-element-bbbeebe elementor-widget elementor-widget-rasmsectiontitle\" data-id=\"bbbeebe\" data-element_type=\"widget\" data-widget_type=\"rasmsectiontitle.default\">\n\t\t\t\t<div class=\"elementor-widget-container\">\n\t\t\t\t\t<div class=\"title-area mb-25\" ><h2 class=\"sec-title title-selector\">Principaux avantages\u00a0:\n<\/h2><p class=\"desc-selector\"> \u2022 Nourrisson intense : Renforce les ongles cassants et hydrate les cuticules s\u00e8ches pour une sant\u00e9 durable.\n<\/p><\/div>\t\t\t\t<\/div>\n\t\t\t\t<\/div>\n\t\t\t\t<\/div>\n\t\t\t\t\t<\/div>\n\t\t\t\t<\/div>\n\t\t<div class=\"elementor-element elementor-element-88fa493 e-flex e-con-boxed e-con e-parent\" data-id=\"88fa493\" data-element_type=\"container\">\n\t\t\t\t\t<div class=\"e-con-inner\">\n\t\t<div class=\"elementor-element elementor-element-f24fbe5 e-con-full e-flex e-con e-child\" data-id=\"f24fbe5\" data-element_type=\"container\">\n\t\t\t\t<div class=\"elementor-element elementor-element-7c77dfb elementor-widget elementor-widget-rasmsectiontitle\" data-id=\"7c77dfb\" data-element_type=\"widget\" data-widget_type=\"rasmsectiontitle.default\">\n\t\t\t\t<div class=\"elementor-widget-container\">\n\t\t\t\t\t<div class=\"title-area mb-25\" ><p class=\"desc-selector\"> \u2022 Forme et brillance parfaites : Mise en forme, polissage et lustrage experts pour des ongles naturellement \u00e9l\u00e9gants.\n<\/p><\/div>\t\t\t\t<\/div>\n\t\t\t\t<\/div>\n\t\t\t\t<\/div>\n\t\t\t\t\t<\/div>\n\t\t\t\t<\/div>\n\t\t<div class=\"elementor-element elementor-element-2abc974 e-flex e-con-boxed e-con e-parent\" data-id=\"2abc974\" data-element_type=\"container\">\n\t\t\t\t\t<div class=\"e-con-inner\">\n\t\t<div class=\"elementor-element elementor-element-b72c80d e-con-full e-flex e-con e-child\" data-id=\"b72c80d\" data-element_type=\"container\">\n\t\t\t\t<div class=\"elementor-element elementor-element-5c2e5b8 elementor-widget elementor-widget-rasmsectiontitle\" data-id=\"5c2e5b8\" data-element_type=\"widget\" data-widget_type=\"rasmsectiontitle.default\">\n\t\t\t\t<div class=\"elementor-widget-container\">\n\t\t\t\t\t<div class=\"title-area mb-25\" ><p class=\"desc-selector\"> \u2022 Couleurs et designs personnalis\u00e9s : Choisissez parmi une large s\u00e9lection de teintes et de motifs pour un style qui vous ressemble.\n<\/p><\/div>\t\t\t\t<\/div>\n\t\t\t\t<\/div>\n\t\t\t\t<\/div>\n\t\t\t\t\t<\/div>\n\t\t\t\t<\/div>\n\t\t<div class=\"elementor-element elementor-element-0547948 e-flex e-con-boxed e-con e-parent\" data-id=\"0547948\" data-element_type=\"container\">\n\t\t\t\t\t<div class=\"e-con-inner\">\n\t\t<div class=\"elementor-element elementor-element-d7ccad9 e-con-full e-flex e-con e-child\" data-id=\"d7ccad9\" data-element_type=\"container\">\n\t\t\t\t<div class=\"elementor-element elementor-element-9da1869 elementor-widget elementor-widget-rasmsectiontitle\" data-id=\"9da1869\" data-element_type=\"widget\" data-widget_type=\"rasmsectiontitle.default\">\n\t\t\t\t<div class=\"elementor-widget-container\">\n\t\t\t\t\t<div class=\"title-area mb-25\" ><p class=\"desc-selector\"> \u2022 Hygi\u00e9nique et s\u00fbr : R\u00e9alis\u00e9 avec des outils de qualit\u00e9 professionnelle et dans le respect des normes d'hygi\u00e8ne les plus strictes.\n<\/p><\/div>\t\t\t\t<\/div>\n\t\t\t\t<\/div>\n\t\t\t\t<\/div>\n\t\t\t\t\t<\/div>\n\t\t\t\t<\/div>\n\t\t<div class=\"elementor-element elementor-element-1dae0ca e-flex e-con-boxed e-con e-parent\" data-id=\"1dae0ca\" data-element_type=\"container\">\n\t\t\t\t\t<div class=\"e-con-inner\">\n\t\t<div class=\"elementor-element elementor-element-6d1aa6d e-con-full e-flex e-con e-child\" data-id=\"6d1aa6d\" data-element_type=\"container\">\n\t\t\t\t<div class=\"elementor-element elementor-element-f0a6b70 elementor-widget elementor-widget-rasmsectiontitle\" data-id=\"f0a6b70\" data-element_type=\"widget\" data-widget_type=\"rasmsectiontitle.default\">\n\t\t\t\t<div class=\"elementor-widget-container\">\n\t\t\t\t\t<div class=\"title-area mb-25\" ><p class=\"desc-selector\"> \u2022 D\u00e9tente et confort : Profitez de massages apaisants des mains et des pieds qui \u00e9liminent le stress.\n<\/p><\/div>\t\t\t\t<\/div>\n\t\t\t\t<\/div>\n\t\t\t\t<\/div>\n\t\t\t\t\t<\/div>\n\t\t\t\t<\/div>\n\t\t<div class=\"elementor-element elementor-element-6c4376a e-flex e-con-boxed e-con e-parent\" data-id=\"6c4376a\" data-element_type=\"container\">\n\t\t\t\t\t<div class=\"e-con-inner\">\n\t\t<div class=\"elementor-element elementor-element-234498f e-con-full e-flex e-con e-child\" data-id=\"234498f\" data-element_type=\"container\">\n\t\t\t\t<div class=\"elementor-element elementor-element-f62fb1c elementor-widget elementor-widget-rasmsectiontitle\" data-id=\"f62fb1c\" data-element_type=\"widget\" data-widget_type=\"rasmsectiontitle.default\">\n\t\t\t\t<div class=\"elementor-widget-container\">\n\t\t\t\t\t<div class=\"title-area mb-25\" ><p class=\"desc-selector\">Entrez chez Beauty Mehrnaz et repartez avec des ongles non seulement magnifiques, mais aussi soign\u00e9s en profondeur.<\/p><\/div>\t\t\t\t<\/div>\n\t\t\t\t<\/div>\n\t\t\t\t<\/div>\n\t\t\t\t\t<\/div>\n\t\t\t\t<\/div>\n\t\t\t\t<\/div>","protected":false},"excerpt":{"rendered":"<p>Nail Treatment (also known as a \u201cLuxury Nail Care\u201d) Indulge in the art of perfect nails with our Nail Treatment at Beauty Mehrnaz \u2014 a pampering experience that combines beauty, care, and precision for flawless hands and feet. Why Choose Our Nail Treatment? Our service goes beyond a simple manicure or pedicure. It\u2019s a rejuvenating&#8230;<\/p>","protected":false},"author":1,"featured_media":0,"parent":0,"menu_order":0,"comment_status":"closed","ping_status":"closed","template":"","meta":{"footnotes":""},"class_list":["post-4302","page","type-page","status-publish","hentry"],"_links":{"self":[{"href":"https:\/\/beautymehrnaz.ca\/fr\/wp-json\/wp\/v2\/pages\/4302","targetHints":{"allow":["GET"]}}],"collection":[{"href":"https:\/\/beautymehrnaz.ca\/fr\/wp-json\/wp\/v2\/pages"}],"about":[{"href":"https:\/\/beautymehrnaz.ca\/fr\/wp-json\/wp\/v2\/types\/page"}],"author":[{"embeddable":true,"href":"https:\/\/beautymehrnaz.ca\/fr\/wp-json\/wp\/v2\/users\/1"}],"replies":[{"embeddable":true,"href":"https:\/\/beautymehrnaz.ca\/fr\/wp-json\/wp\/v2\/comments?post=4302"}],"version-history":[{"count":7,"href":"https:\/\/beautymehrnaz.ca\/fr\/wp-json\/wp\/v2\/pages\/4302\/revisions"}],"predecessor-version":[{"id":4405,"href":"https:\/\/beautymehrnaz.ca\/fr\/wp-json\/wp\/v2\/pages\/4302\/revisions\/4405"}],"wp:attachment":[{"href":"https:\/\/beautymehrnaz.ca\/fr\/wp-json\/wp\/v2\/media?parent=4302"}],"curies":[{"name":"wp","href":"https:\/\/api.w.org\/{rel}","templated":true}]}}