{"id":4281,"date":"2025-11-04T13:27:19","date_gmt":"2025-11-04T13:27:19","guid":{"rendered":"https:\/\/beautymehrnaz.ca\/?page_id=4281"},"modified":"2025-11-05T22:31:49","modified_gmt":"2025-11-05T22:31:49","slug":"scalp-treatment","status":"publish","type":"page","link":"https:\/\/beautymehrnaz.ca\/fr\/scalp-treatment\/","title":{"rendered":"Traitement du cuir chevelu"},"content":{"rendered":"<div data-elementor-type=\"wp-page\" data-elementor-id=\"4281\" class=\"elementor elementor-4281\">\n\t\t\t\t<div class=\"elementor-element elementor-element-9d1c8a1 e-flex e-con-boxed e-con e-parent\" data-id=\"9d1c8a1\" data-element_type=\"container\">\n\t\t\t\t\t<div class=\"e-con-inner\">\n\t\t\t\t<div class=\"elementor-element elementor-element-2bc2e8d elementor-widget elementor-widget-rasmsectiontitle\" data-id=\"2bc2e8d\" data-element_type=\"widget\" data-widget_type=\"rasmsectiontitle.default\">\n\t\t\t\t<div class=\"elementor-widget-container\">\n\t\t\t\t\t<div class=\"title-area mb-25\" ><span class=\"sub-title subtitle-selector\">Traitement du cuir chevelu\n<img decoding=\"async\" src=\"https:\/\/wordpress.themehour.net\/rasm\/wp-content\/uploads\/2023\/07\/title_right.svg\" alt=\"title_right\"  class=\"icon\" \/><\/span><h2 class=\"sec-title title-selector\">(\u00e9galement appel\u00e9 \u00ab soin du cuir chevelu \u00bb)\n<\/h2><p class=\"desc-selector\">D\u00e9couvrez le soin ultime pour vos cheveux et votre cuir chevelu avec notre traitement du cuir chevelu chez Beauty Mehrnaz \u2013 une th\u00e9rapie luxueuse et nettoyante en profondeur con\u00e7ue pour restaur restaurer la sant\u00e9, l'\u00e9quilibre et la vitalit\u00e9 de la racine jusqu'\u00e0 la pointe.<\/p><\/div>\t\t\t\t<\/div>\n\t\t\t\t<\/div>\n\t\t\t\t\t<\/div>\n\t\t\t\t<\/div>\n\t\t<div class=\"elementor-element elementor-element-c22da04 e-flex e-con-boxed e-con e-parent\" data-id=\"c22da04\" data-element_type=\"container\">\n\t\t\t\t\t<div class=\"e-con-inner\">\n\t\t\t\t<div class=\"elementor-element elementor-element-2323975 elementor-widget elementor-widget-rasmsectiontitle\" data-id=\"2323975\" data-element_type=\"widget\" data-widget_type=\"rasmsectiontitle.default\">\n\t\t\t\t<div class=\"elementor-widget-container\">\n\t\t\t\t\t<div class=\"title-area mb-25\" ><h2 class=\"sec-title title-selector\">Pourquoi choisir notre traitement pour le cuir chevelu ?<\/h2><p class=\"desc-selector\">Our treatment is not just a regular hair service; it\u2019s a holistic approach to scalp and hair wellness. By combining cleansing, exfoliation, and nourishment, we address the root causes of hair issues while promoting healthier, stronger, and more radiant hair.<\/p><\/div>\t\t\t\t<\/div>\n\t\t\t\t<\/div>\n\t\t\t\t\t<\/div>\n\t\t\t\t<\/div>\n\t\t<div class=\"elementor-element elementor-element-452dade e-flex e-con-boxed e-con e-parent\" data-id=\"452dade\" data-element_type=\"container\">\n\t\t\t\t\t<div class=\"e-con-inner\">\n\t\t\t\t<div class=\"elementor-element elementor-element-c19bdfa elementor-widget elementor-widget-rasmsectiontitle\" data-id=\"c19bdfa\" data-element_type=\"widget\" data-widget_type=\"rasmsectiontitle.default\">\n\t\t\t\t<div class=\"elementor-widget-container\">\n\t\t\t\t\t<div class=\"title-area mb-25\" ><h2 class=\"sec-title title-selector\">Principaux avantages\u00a0:\n<\/h2><p class=\"desc-selector\"> \u2022 Favorise la croissance des cheveux : Stimule les follicules pileux pour encourager la pousse de nouveaux cheveux sains et r\u00e9duire l'amincissement des cheveux.\n<\/p><\/div>\t\t\t\t<\/div>\n\t\t\t\t<\/div>\n\t\t\t\t\t<\/div>\n\t\t\t\t<\/div>\n\t\t<div class=\"elementor-element elementor-element-24d2c34 e-flex e-con-boxed e-con e-parent\" data-id=\"24d2c34\" data-element_type=\"container\">\n\t\t\t\t\t<div class=\"e-con-inner\">\n\t\t\t\t<div class=\"elementor-element elementor-element-c2edde3 elementor-widget elementor-widget-rasmsectiontitle\" data-id=\"c2edde3\" data-element_type=\"widget\" data-widget_type=\"rasmsectiontitle.default\">\n\t\t\t\t<div class=\"elementor-widget-container\">\n\t\t\t\t\t<div class=\"title-area mb-25\" ><p class=\"desc-selector\"> \u2022 Nettoie et d\u00e9toxifie : \u00c9limine l'exc\u00e8s de s\u00e9bum, les r\u00e9sidus de produits et les cellules mortes de la peau afin de pr\u00e9venir les pellicules et les irritations.<\/p><\/div>\t\t\t\t<\/div>\n\t\t\t\t<\/div>\n\t\t\t\t\t<\/div>\n\t\t\t\t<\/div>\n\t\t<div class=\"elementor-element elementor-element-30b76ca e-flex e-con-boxed e-con e-parent\" data-id=\"30b76ca\" data-element_type=\"container\">\n\t\t\t\t\t<div class=\"e-con-inner\">\n\t\t\t\t<div class=\"elementor-element elementor-element-b67ff6e elementor-widget elementor-widget-rasmsectiontitle\" data-id=\"b67ff6e\" data-element_type=\"widget\" data-widget_type=\"rasmsectiontitle.default\">\n\t\t\t\t<div class=\"elementor-widget-container\">\n\t\t\t\t\t<div class=\"title-area mb-25\" ><p class=\"desc-selector\">\u2022 \u00c9quilibre la production de s\u00e9bum : R\u00e9gule le s\u00e9bum pour un cuir chevelu et des cheveux plus sains, pr\u00e9venant ainsi les cheveux gras ou secs.<\/p><\/div>\t\t\t\t<\/div>\n\t\t\t\t<\/div>\n\t\t\t\t\t<\/div>\n\t\t\t\t<\/div>\n\t\t<div class=\"elementor-element elementor-element-1f9000e e-flex e-con-boxed e-con e-parent\" data-id=\"1f9000e\" data-element_type=\"container\">\n\t\t\t\t\t<div class=\"e-con-inner\">\n\t\t\t\t<div class=\"elementor-element elementor-element-976c778 elementor-widget elementor-widget-rasmsectiontitle\" data-id=\"976c778\" data-element_type=\"widget\" data-widget_type=\"rasmsectiontitle.default\">\n\t\t\t\t<div class=\"elementor-widget-container\">\n\t\t\t\t\t<div class=\"title-area mb-25\" ><p class=\"desc-selector\">\u2022 Renforce les cheveux : Apporte des nutriments qui renforcent la fibre capillaire, r\u00e9duisant ainsi la casse et augmentant la r\u00e9sistance.<\/p><\/div>\t\t\t\t<\/div>\n\t\t\t\t<\/div>\n\t\t\t\t\t<\/div>\n\t\t\t\t<\/div>\n\t\t<div class=\"elementor-element elementor-element-0f5e7d7 e-flex e-con-boxed e-con e-parent\" data-id=\"0f5e7d7\" data-element_type=\"container\">\n\t\t\t\t\t<div class=\"e-con-inner\">\n\t\t\t\t<div class=\"elementor-element elementor-element-fcb45c6 elementor-widget elementor-widget-rasmsectiontitle\" data-id=\"fcb45c6\" data-element_type=\"widget\" data-widget_type=\"rasmsectiontitle.default\">\n\t\t\t\t<div class=\"elementor-widget-container\">\n\t\t\t\t\t<div class=\"title-area mb-25\" ><p class=\"desc-selector\">\u2022 Am\u00e9liore la texture et la brillance des cheveux : Nourrit le cuir chevelu et les follicules pileux pour des cheveux plus doux, plus lisses et naturellement brillants.<\/p><\/div>\t\t\t\t<\/div>\n\t\t\t\t<\/div>\n\t\t\t\t\t<\/div>\n\t\t\t\t<\/div>\n\t\t<div class=\"elementor-element elementor-element-c1c57c7 e-flex e-con-boxed e-con e-parent\" data-id=\"c1c57c7\" data-element_type=\"container\">\n\t\t\t\t\t<div class=\"e-con-inner\">\n\t\t\t\t<div class=\"elementor-element elementor-element-771f13f elementor-widget elementor-widget-rasmsectiontitle\" data-id=\"771f13f\" data-element_type=\"widget\" data-widget_type=\"rasmsectiontitle.default\">\n\t\t\t\t<div class=\"elementor-widget-container\">\n\t\t\t\t\t<div class=\"title-area mb-25\" ><p class=\"desc-selector\"> \u2022 Soulage les tensions : Le massage relaxant du cuir chevelu favorise la circulation sanguine, r\u00e9duit le stress et procure une sensation apaisante.\n<\/p><\/div>\t\t\t\t<\/div>\n\t\t\t\t<\/div>\n\t\t\t\t\t<\/div>\n\t\t\t\t<\/div>\n\t\t<div class=\"elementor-element elementor-element-d1d74c3 e-flex e-con-boxed e-con e-parent\" data-id=\"d1d74c3\" data-element_type=\"container\">\n\t\t\t\t\t<div class=\"e-con-inner\">\n\t\t\t\t<div class=\"elementor-element elementor-element-79cc7f3 elementor-widget elementor-widget-rasmsectiontitle\" data-id=\"79cc7f3\" data-element_type=\"widget\" data-widget_type=\"rasmsectiontitle.default\">\n\t\t\t\t<div class=\"elementor-widget-container\">\n\t\t\t\t\t<div class=\"title-area mb-25\" ><p class=\"desc-selector\">Entrez chez Beauty Mehrnaz et d\u00e9couvrez un soin qui va au-del\u00e0 de l'esth\u00e9tique : il restaure la sant\u00e9 de votre cuir chevelu, revitalise vos cheveux et vous procure une sensation de fra\u00eecheur et de confiance.<\/p><\/div>\t\t\t\t<\/div>\n\t\t\t\t<\/div>\n\t\t\t\t\t<\/div>\n\t\t\t\t<\/div>\n\t\t\t\t<\/div>","protected":false},"excerpt":{"rendered":"<p>Scalp Treatment (also known as a \u201cscalp facial\u201d) Experience the ultimate care for your hair and scalp with our Scalp Treatment at Beauty Mehrnaz \u2014 a luxurious, deep-cleansing therapy designed to restore health, balance, and vitality from root to tip. Why Choose Our Scalp Treatment? Our treatment is not just a regular hair service; it\u2019s&#8230;<\/p>","protected":false},"author":1,"featured_media":0,"parent":0,"menu_order":0,"comment_status":"closed","ping_status":"closed","template":"elementor_theme","meta":{"footnotes":""},"class_list":["post-4281","page","type-page","status-publish","hentry"],"_links":{"self":[{"href":"https:\/\/beautymehrnaz.ca\/fr\/wp-json\/wp\/v2\/pages\/4281","targetHints":{"allow":["GET"]}}],"collection":[{"href":"https:\/\/beautymehrnaz.ca\/fr\/wp-json\/wp\/v2\/pages"}],"about":[{"href":"https:\/\/beautymehrnaz.ca\/fr\/wp-json\/wp\/v2\/types\/page"}],"author":[{"embeddable":true,"href":"https:\/\/beautymehrnaz.ca\/fr\/wp-json\/wp\/v2\/users\/1"}],"replies":[{"embeddable":true,"href":"https:\/\/beautymehrnaz.ca\/fr\/wp-json\/wp\/v2\/comments?post=4281"}],"version-history":[{"count":8,"href":"https:\/\/beautymehrnaz.ca\/fr\/wp-json\/wp\/v2\/pages\/4281\/revisions"}],"predecessor-version":[{"id":4365,"href":"https:\/\/beautymehrnaz.ca\/fr\/wp-json\/wp\/v2\/pages\/4281\/revisions\/4365"}],"wp:attachment":[{"href":"https:\/\/beautymehrnaz.ca\/fr\/wp-json\/wp\/v2\/media?parent=4281"}],"curies":[{"name":"wp","href":"https:\/\/api.w.org\/{rel}","templated":true}]}}