{"id":3959,"date":"2023-07-14T00:12:29","date_gmt":"2023-07-14T00:12:29","guid":{"rendered":"https:\/\/themeholy.com\/wordpress\/rasm\/?page_id=18"},"modified":"2025-11-18T18:18:03","modified_gmt":"2025-11-18T18:18:03","slug":"about","status":"publish","type":"page","link":"https:\/\/beautymehrnaz.ca\/fr\/about\/","title":{"rendered":"\u00c0 propos de nous"},"content":{"rendered":"<div data-elementor-type=\"wp-page\" data-elementor-id=\"3959\" class=\"elementor elementor-3959\">\n\t\t\t\t\t\t<section class=\"elementor-section elementor-top-section elementor-element elementor-element-40cb8d0 elementor-section-full_width elementor-section-height-default elementor-section-height-default\" data-id=\"40cb8d0\" data-element_type=\"section\" data-settings=\"{&quot;background_background&quot;:&quot;classic&quot;}\">\n\t\t\t\t\t\t<div class=\"elementor-container elementor-column-gap-no\">\n\t\t\t\t\t<div class=\"elementor-column elementor-col-50 elementor-top-column elementor-element elementor-element-9f8839c\" data-id=\"9f8839c\" data-element_type=\"column\">\n\t\t\t<div class=\"elementor-widget-wrap elementor-element-populated\">\n\t\t\t\t\t\t<div class=\"elementor-element elementor-element-0526850 elementor-widget elementor-widget-rasmgroupimage\" data-id=\"0526850\" data-element_type=\"widget\" data-widget_type=\"rasmgroupimage.default\">\n\t\t\t\t<div class=\"elementor-widget-container\">\n\t\t\t\t\t<div class=\"img-box5\"><div class=\"img1 wow fadeInLeft\"><img decoding=\"async\" src=\"https:\/\/beautymehrnaz.ca\/wp-content\/uploads\/2025\/10\/WhatsApp-Image-2025-10-23-at-23.24.04-1-e1761558190225.jpeg\" alt=\"WhatsApp Image 2025 10 23 at 23.24.04 1 e1761558190225\"  class=\"tilt-active\" \/><\/div><\/div>\t\t\t\t<\/div>\n\t\t\t\t<\/div>\n\t\t\t\t\t<\/div>\n\t\t<\/div>\n\t\t\t\t<div class=\"elementor-column elementor-col-50 elementor-top-column elementor-element elementor-element-4ce0e66\" data-id=\"4ce0e66\" data-element_type=\"column\">\n\t\t\t<div class=\"elementor-widget-wrap elementor-element-populated\">\n\t\t\t\t\t\t<section class=\"elementor-section elementor-inner-section elementor-element elementor-element-ec306b9 elementor-section-boxed elementor-section-height-default elementor-section-height-default\" data-id=\"ec306b9\" data-element_type=\"section\">\n\t\t\t\t\t\t<div class=\"elementor-container elementor-column-gap-no\">\n\t\t\t\t\t<div class=\"elementor-column elementor-col-100 elementor-inner-column elementor-element elementor-element-70ec759\" data-id=\"70ec759\" data-element_type=\"column\">\n\t\t\t<div class=\"elementor-widget-wrap elementor-element-populated\">\n\t\t\t\t\t\t<div class=\"elementor-element elementor-element-eb20bae elementor-widget elementor-widget-rasmsectiontitle\" data-id=\"eb20bae\" data-element_type=\"widget\" data-widget_type=\"rasmsectiontitle.default\">\n\t\t\t\t<div class=\"elementor-widget-container\">\n\t\t\t\t\t<div class=\"title-area mb-25\" ><span class=\"sub-title subtitle-selector\">\u00c0 propos de nous<img decoding=\"async\" src=\"https:\/\/wordpress.themehour.net\/rasm\/wp-content\/uploads\/2023\/07\/title_right.svg\" alt=\"title_right\"  class=\"icon\" \/><\/span><h2 class=\"sec-title title-selector\">THE ULTIMATE EXPERIENCE IN BEAUTY AND WELL-BEING.\n<\/h2><p class=\"desc-selector\">Beauty Mehrnaz, officially registered as Beaut\u00e9 Immortelle, is a premium beauty studio in Canada dedicated to luxury care, relaxation, and confidence.\n<\/p><\/div>\t\t\t\t<\/div>\n\t\t\t\t<\/div>\n\t\t\t\t<div class=\"elementor-element elementor-element-96024a1 elementor-widget elementor-widget-rasmsectiontitle\" data-id=\"96024a1\" data-element_type=\"widget\" data-widget_type=\"rasmsectiontitle.default\">\n\t\t\t\t<div class=\"elementor-widget-container\">\n\t\t\t\t\t<div class=\"title-area mb-25\" ><p class=\"desc-selector\">Our hand-picked team, led by Mehrnaz, a certified beauty therapist with over 17 years of experience, offers a curated selection of advanced treatments designed to enhance your natural beauty.<\/p><\/div>\t\t\t\t<\/div>\n\t\t\t\t<\/div>\n\t\t\t\t\t<\/div>\n\t\t<\/div>\n\t\t\t\t\t<\/div>\n\t\t<\/section>\n\t\t\t\t\t<\/div>\n\t\t<\/div>\n\t\t\t\t\t<\/div>\n\t\t<\/section>\n\t\t\t\t<section class=\"elementor-section elementor-top-section elementor-element elementor-element-cc50355 elementor-section-full_width elementor-section-height-default elementor-section-height-default\" data-id=\"cc50355\" data-element_type=\"section\" data-settings=\"{&quot;background_background&quot;:&quot;classic&quot;}\">\n\t\t\t\t\t\t<div class=\"elementor-container elementor-column-gap-no\">\n\t\t\t\t\t<div class=\"elementor-column elementor-col-100 elementor-top-column elementor-element elementor-element-8328d0f\" data-id=\"8328d0f\" data-element_type=\"column\">\n\t\t\t<div class=\"elementor-widget-wrap elementor-element-populated\">\n\t\t\t\t\t\t<section class=\"elementor-section elementor-inner-section elementor-element elementor-element-0530e54 elementor-section-boxed elementor-section-height-default elementor-section-height-default\" data-id=\"0530e54\" data-element_type=\"section\">\n\t\t\t\t\t\t<div class=\"elementor-container elementor-column-gap-no\">\n\t\t\t\t\t<div class=\"elementor-column elementor-col-50 elementor-inner-column elementor-element elementor-element-febcff6\" data-id=\"febcff6\" data-element_type=\"column\">\n\t\t\t<div class=\"elementor-widget-wrap elementor-element-populated\">\n\t\t\t\t\t\t<div class=\"elementor-element elementor-element-518e517 elementor-widget elementor-widget-rasmsectiontitle\" data-id=\"518e517\" data-element_type=\"widget\" data-widget_type=\"rasmsectiontitle.default\">\n\t\t\t\t<div class=\"elementor-widget-container\">\n\t\t\t\t\t<div class=\"title-area mb-25\" ><span class=\"sub-title subtitle-selector\">Pourquoi nous choisir<img decoding=\"async\" src=\"https:\/\/wordpress.themehour.net\/rasm\/wp-content\/uploads\/2023\/07\/title_right.svg\" alt=\"title_right\"  class=\"icon\" \/><\/span><h2 class=\"sec-title title-selector\">Luxury \u2022 Care \u2022 Confidence \u2014 Experience the Art of Beauty at Beauty Mehrna<\/h2><p class=\"desc-selector\">From professional nail care and pedicures, to scalp treatments, lash &amp; brow lifts, and microneedling, every service at Beauty Mehrnaz is tailored to your unique need<\/p><\/div>\t\t\t\t<\/div>\n\t\t\t\t<\/div>\n\t\t\t\t<div class=\"elementor-element elementor-element-1b8f3ed elementor-widget__width-initial elementor-widget elementor-widget-rasmfeatures\" data-id=\"1b8f3ed\" data-element_type=\"widget\" data-widget_type=\"rasmfeatures.default\">\n\t\t\t\t<div class=\"elementor-widget-container\">\n\t\t\t\t\t<div class=\"choose-about-wrap\"><div class=\"choose-about\"><div class=\"choose-about_icon\"><img decoding=\"async\" src=\"https:\/\/beautymehrnaz.ca\/wp-content\/uploads\/2024\/01\/about_shape.png\" alt=\"about_shape\"  \/><\/div><div class=\"media-body\"><h3 class=\"box-title\">\n Soin du cuir chevelu pour des cheveux et une peau en bonne sant\u00e9 et \u00e9quilibr\u00e9s.<\/h3><\/div><\/div><div class=\"choose-about\"><div class=\"choose-about_icon\"><img decoding=\"async\" src=\"https:\/\/wordpress.themehour.net\/rasm\/wp-content\/uploads\/2023\/07\/choose_1.svg\" alt=\"choose_1\"  \/><\/div><div class=\"media-body\"><h3 class=\"box-title\">\nNail design, extensions &amp; repair<\/h3><\/div><\/div><div class=\"choose-about\"><div class=\"choose-about_icon\"><img decoding=\"async\" src=\"https:\/\/wordpress.themehour.net\/rasm\/wp-content\/uploads\/2023\/07\/choose_2.svg\" alt=\"choose_2\"  \/><\/div><div class=\"media-body\"><h3 class=\"box-title\">\nProfessional &amp; therapeutic pedicure<\/h3><\/div><\/div><div class=\"choose-about\"><div class=\"choose-about_icon\"><img decoding=\"async\" src=\"https:\/\/beautymehrnaz.ca\/wp-content\/uploads\/2024\/01\/about_1.svg\" alt=\"about_1\"  \/><\/div><div class=\"media-body\"><h3 class=\"box-title\">\nSoins du visage pour une peau \u00e9clatante et jeune.<\/h3><\/div><\/div><div class=\"choose-about\"><div class=\"choose-about_icon\"><img decoding=\"async\" src=\"https:\/\/beautymehrnaz.ca\/wp-content\/uploads\/2023\/11\/price_1_2.svg\" alt=\"price_1_2\"  \/><\/div><div class=\"media-body\"><h3 class=\"box-title\">\nMicroneedling for skin renewal and texture improvement<\/h3><\/div><\/div><div class=\"choose-about\"><div class=\"choose-about_icon\"><img decoding=\"async\" src=\"https:\/\/beautymehrnaz.ca\/wp-content\/uploads\/2024\/01\/about_2.svg\" alt=\"about_2\"  \/><\/div><div class=\"media-body\"><h3 class=\"box-title\">\nRehaussement des cils et des sourcils pour un look naturellement magnifique.<\/h3><\/div><\/div><\/div>\t\t\t\t<\/div>\n\t\t\t\t<\/div>\n\t\t\t\t\t<\/div>\n\t\t<\/div>\n\t\t\t\t<div class=\"elementor-column elementor-col-50 elementor-inner-column elementor-element elementor-element-07eb8a6\" data-id=\"07eb8a6\" data-element_type=\"column\">\n\t\t\t<div class=\"elementor-widget-wrap elementor-element-populated\">\n\t\t\t\t\t\t<div class=\"elementor-element elementor-element-8031033 elementor-widget elementor-widget-rasmgroupimage\" data-id=\"8031033\" data-element_type=\"widget\" data-widget_type=\"rasmgroupimage.default\">\n\t\t\t\t<div class=\"elementor-widget-container\">\n\t\t\t\t\t<div class=\"choose-image\"><div class=\"img1  wow fadeInRight\"><img decoding=\"async\" src=\"https:\/\/wordpress.themehour.net\/rasm\/wp-content\/uploads\/2023\/07\/choose_1.png\" alt=\"choose_1\"  \/><\/div><\/div>\t\t\t\t<\/div>\n\t\t\t\t<\/div>\n\t\t\t\t\t<\/div>\n\t\t<\/div>\n\t\t\t\t\t<\/div>\n\t\t<\/section>\n\t\t\t\t\t<\/div>\n\t\t<\/div>\n\t\t\t\t\t<\/div>\n\t\t<\/section>\n\t\t\t\t<section class=\"elementor-section elementor-top-section elementor-element elementor-element-2d7915e elementor-section-full_width elementor-section-height-default elementor-section-height-default\" data-id=\"2d7915e\" data-element_type=\"section\" data-settings=\"{&quot;background_background&quot;:&quot;classic&quot;}\">\n\t\t\t\t\t\t<div class=\"elementor-container elementor-column-gap-no\">\n\t\t\t\t\t<div class=\"elementor-column elementor-col-100 elementor-top-column elementor-element elementor-element-f8ce8f0\" data-id=\"f8ce8f0\" data-element_type=\"column\">\n\t\t\t<div class=\"elementor-widget-wrap elementor-element-populated\">\n\t\t\t\t\t\t<section class=\"elementor-section elementor-inner-section elementor-element elementor-element-b7a8027 elementor-section-boxed elementor-section-height-default elementor-section-height-default\" data-id=\"b7a8027\" data-element_type=\"section\">\n\t\t\t\t\t\t<div class=\"elementor-container elementor-column-gap-no\">\n\t\t\t\t\t<div class=\"elementor-column elementor-col-100 elementor-inner-column elementor-element elementor-element-4739b9b\" data-id=\"4739b9b\" data-element_type=\"column\">\n\t\t\t<div class=\"elementor-widget-wrap elementor-element-populated\">\n\t\t\t\t\t\t<div class=\"elementor-element elementor-element-e63cbec elementor-widget elementor-widget-rasmsectiontitle\" data-id=\"e63cbec\" data-element_type=\"widget\" data-widget_type=\"rasmsectiontitle.default\">\n\t\t\t\t<div class=\"elementor-widget-container\">\n\t\t\t\t\t<div class=\"title-area\" ><span class=\"sub-title subtitle-selector\">Prendre rendez-vous<img decoding=\"async\" src=\"https:\/\/wordpress.themehour.net\/rasm\/wp-content\/uploads\/2023\/07\/title_right.svg\" alt=\"title_right\"  class=\"icon\" \/><\/span><h2 class=\"sec-title title-selector\">Step into a world where expertise meets elegance \u2014 and discover the timeless beauty within you. <\/h2><\/div>\t\t\t\t<\/div>\n\t\t\t\t<\/div>\n\t\t<div class=\"elementor-element elementor-element-63e7f5d e-flex e-con-boxed e-con e-parent\" data-id=\"63e7f5d\" data-element_type=\"container\">\n\t\t\t\t\t<div class=\"e-con-inner\">\n\t\t\t\t<div class=\"elementor-element elementor-element-6d28b4b elementor-widget elementor-widget-rasmcontactinfov2\" data-id=\"6d28b4b\" data-element_type=\"widget\" data-widget_type=\"rasmcontactinfov2.default\">\n\t\t\t\t<div class=\"elementor-widget-container\">\n\t\t\t\t\t<div class=\"contact-info-wrap me-xl-4\"><div class=\"title-area mb-20\"><h3 class=\"sec-title\">Nos coordonn\u00e9es<\/h3><\/div><div class=\"contact-info\"><div class=\"contact-info_icon\"><i class=\"fa-light fa-location-dot\"><\/i><\/div><div class=\"media-body\"><h3 class=\"box-title\">Notre adresse<\/h3><span class=\"contact-info_text\">852 place sardiagne \nj4x1l7\n\n\n852 Pl. Sardaigne<\/span><\/div><\/div><div class=\"contact-info\"><div class=\"contact-info_icon\"><i class=\"fa-light fa-phone\"><\/i><\/div><div class=\"media-body\"><h3 class=\"box-title\">Num\u00e9ro de t\u00e9l\u00e9phone<\/h3><span class=\"contact-info_text\"> Mobile:<a href=\"tel:4385303243\">  4385303243 <\/a><\/span><span class=\"contact-info_text\">Email:   <a href=\"mailto:\"> mrs.mehrnaz@gmail.com\n<\/a><\/span><\/div><\/div><div class=\"contact-info\"><div class=\"contact-info_icon\">T<\/div><div class=\"media-body\"><h3 class=\"box-title\">Working hours<\/h3><span class=\"contact-info_text\">9am to 6am\nClosed on Sundays<\/span><\/div><\/div><\/div>\t\t\t\t<\/div>\n\t\t\t\t<\/div>\n\t\t\t\t\t<\/div>\n\t\t\t\t<\/div>\n\t\t\t\t\t<\/div>\n\t\t<\/div>\n\t\t\t\t\t<\/div>\n\t\t<\/section>\n\t\t\t\t\t<\/div>\n\t\t<\/div>\n\t\t\t\t\t<\/div>\n\t\t<\/section>\n\t\t<div class=\"elementor-element elementor-element-7e659b5 e-flex e-con-boxed e-con e-parent\" data-id=\"7e659b5\" data-element_type=\"container\">\n\t\t\t\t\t<div class=\"e-con-inner\">\n\t\t\t\t<div class=\"elementor-element elementor-element-490d3e6 elementor-widget__width-initial elementor-widget elementor-widget-html\" data-id=\"490d3e6\" data-element_type=\"widget\" data-widget_type=\"html.default\">\n\t\t\t\t\t<div style=\"max-width:1000px; margin:60px auto; text-align:center; font-family:inherit;\">\n  <h2 style=\"font-size:28px; color:#f04e98; margin-bottom:10px;\">How to Book Your Appointment<\/h2>\n  <p style=\"color:#555; margin-bottom:50px;\">Follow these simple steps to book your beauty session \ud83d\udc85<\/p>\n\n  <div style=\"display:flex; flex-wrap:wrap; gap:35px; justify-content:center;\">\n\n    <div style=\"background:#fff0f6; border-radius:20px; padding:20px; width:280px; box-shadow:0 4px 10px rgba(0,0,0,0.1); min-height:200px;\">\n      <div style=\"font-size:38px; color:#f04e98; margin-bottom:5px;\">\u2460<\/div>\n      <h3 style=\"color:#333; font-size:20px; margin:8px 0;\">Click the button below<\/h3>\n      <p style=\"font-size:15px; color:#666; line-height:1.5;\">Start by clicking the <strong>Online Booking<\/strong> button to open our booking page.<\/p>\n    <\/div>\n\n    <div style=\"background:#fff0f6; border-radius:20px; padding:20px; width:280px; box-shadow:0 4px 10px rgba(0,0,0,0.1); min-height:200px;\">\n      <div style=\"font-size:38px; color:#f04e98; margin-bottom:5px;\">\u2461<\/div>\n      <h3 style=\"color:#333; font-size:20px; margin:8px 0;\">Choose your service & time<\/h3>\n      <p style=\"font-size:15px; color:#666; line-height:1.5;\">Select your desired treatment, team member, and convenient time slot.<\/p>\n    <\/div>\n\n    <div style=\"background:#fff0f6; border-radius:20px; padding:20px; width:280px; box-shadow:0 4px 10px rgba(0,0,0,0.1); min-height:200px;\">\n      <div style=\"font-size:38px; color:#f04e98; margin-bottom:5px;\">\u2462<\/div>\n      <h3 style=\"color:#333; font-size:20px; margin:8px 0;\">Confirm your booking<\/h3>\n      <p style=\"font-size:15px; color:#666; line-height:1.5;\">Fill in your details and confirm your appointment \u2014 it\u2019s that easy \u2728<\/p>\n    <\/div>\n\n  <\/div>\n\n  <div style=\"margin-top:55px;\">\n    <a href=\"https:\/\/www.fresha.com\/book-now\/beaute-immortelle-ijk4ldui\/all-offer?share=true&pId=2698242\"\n       target=\"_blank\"\n       style=\"         background:#f04e98;         color:#fff;         padding:16px 46px;         border-radius:12px;         font-size:18px;         font-weight:600;         text-decoration:none;         box-shadow:0 4px 10px rgba(240,78,152,0.3);         transition:all 0.3s ease;       \"\n       onmouseover=\"this.style.backgroundColor='#d73e84';\"\n       onmouseout=\"this.style.backgroundColor='#f04e98';\">\n       \ud83d\udc85 Online Booking\n    <\/a>\n  <\/div>\n<\/div>\t\t\t\t<\/div>\n\t\t\t\t\t<\/div>\n\t\t\t\t<\/div>\n\t\t\t\t<section class=\"elementor-section elementor-top-section elementor-element elementor-element-0ab666b elementor-section-boxed elementor-section-height-default elementor-section-height-default\" data-id=\"0ab666b\" data-element_type=\"section\">\n\t\t\t\t\t\t<div class=\"elementor-container elementor-column-gap-no\">\n\t\t\t\t\t<div class=\"elementor-column elementor-col-100 elementor-top-column elementor-element elementor-element-ef8b057\" data-id=\"ef8b057\" data-element_type=\"column\">\n\t\t\t<div class=\"elementor-widget-wrap elementor-element-populated\">\n\t\t\t\t\t\t<div class=\"elementor-element elementor-element-87973ec elementor-widget elementor-widget-rasmcta\" data-id=\"87973ec\" data-element_type=\"widget\" data-widget_type=\"rasmcta.default\">\n\t\t\t\t<div class=\"elementor-widget-container\">\n\t\t\t\t\t<div class=\"sec-shape\"><span class=\"sec-shape_img\"><img decoding=\"async\" src=\"https:\/\/wordpress.themehour.net\/rasm\/wp-content\/uploads\/2023\/07\/girl.svg\" alt=\"girl\"  \/><\/span><\/div>\t\t\t\t<\/div>\n\t\t\t\t<\/div>\n\t\t\t\t\t<\/div>\n\t\t<\/div>\n\t\t\t\t\t<\/div>\n\t\t<\/section>\n\t\t\t\t<section class=\"elementor-section elementor-top-section elementor-element elementor-element-7c4eddb elementor-section-full_width elementor-section-height-default elementor-section-height-default\" data-id=\"7c4eddb\" data-element_type=\"section\">\n\t\t\t\t\t\t<div class=\"elementor-container elementor-column-gap-no\">\n\t\t\t\t\t<div class=\"elementor-column elementor-col-100 elementor-top-column elementor-element elementor-element-c1856b8\" data-id=\"c1856b8\" data-element_type=\"column\">\n\t\t\t<div class=\"elementor-widget-wrap\">\n\t\t\t\t\t\t\t<\/div>\n\t\t<\/div>\n\t\t\t\t\t<\/div>\n\t\t<\/section>\n\t\t\t\t<section class=\"elementor-section elementor-top-section elementor-element elementor-element-ffd1cff elementor-section-full_width elementor-section-height-default elementor-section-height-default\" data-id=\"ffd1cff\" data-element_type=\"section\" data-settings=\"{&quot;background_background&quot;:&quot;classic&quot;}\">\n\t\t\t\t\t\t<div class=\"elementor-container elementor-column-gap-no\">\n\t\t\t\t\t<div class=\"elementor-column elementor-col-100 elementor-top-column elementor-element elementor-element-ca5abb4\" data-id=\"ca5abb4\" data-element_type=\"column\">\n\t\t\t<div class=\"elementor-widget-wrap elementor-element-populated\">\n\t\t\t\t\t\t<section class=\"elementor-section elementor-inner-section elementor-element elementor-element-3840d1c elementor-section-boxed elementor-section-height-default elementor-section-height-default\" data-id=\"3840d1c\" data-element_type=\"section\">\n\t\t\t\t\t\t<div class=\"elementor-container elementor-column-gap-no\">\n\t\t\t\t\t<div class=\"elementor-column elementor-col-100 elementor-inner-column elementor-element elementor-element-ccad24e\" data-id=\"ccad24e\" data-element_type=\"column\">\n\t\t\t<div class=\"elementor-widget-wrap elementor-element-populated\">\n\t\t\t\t\t\t<div class=\"elementor-element elementor-element-31c7771 elementor-widget elementor-widget-rasmsectiontitle\" data-id=\"31c7771\" data-element_type=\"widget\" data-widget_type=\"rasmsectiontitle.default\">\n\t\t\t\t<div class=\"elementor-widget-container\">\n\t\t\t\t\t<div class=\"title-area\" ><span class=\"sub-title subtitle-selector\">T\u00e9moignages<\/span><img decoding=\"async\" src=\"https:\/\/wordpress.themehour.net\/rasm\/wp-content\/uploads\/2023\/07\/title_shape_1.svg\" alt=\"title_shape_1\"  class=\"icon\" \/><h2 class=\"sec-title title-selector\">Nos commentaires clients<\/h2><\/div>\t\t\t\t<\/div>\n\t\t\t\t<\/div>\n\t\t\t\t\t<\/div>\n\t\t<\/div>\n\t\t\t\t\t<\/div>\n\t\t<\/section>\n\t\t\t\t<section class=\"elementor-section elementor-inner-section elementor-element elementor-element-d517951 elementor-section-boxed elementor-section-height-default elementor-section-height-default\" data-id=\"d517951\" data-element_type=\"section\">\n\t\t\t\t\t\t<div class=\"elementor-container elementor-column-gap-no\">\n\t\t\t\t\t<div class=\"elementor-column elementor-col-100 elementor-inner-column elementor-element elementor-element-369dab7\" data-id=\"369dab7\" data-element_type=\"column\">\n\t\t\t<div class=\"elementor-widget-wrap elementor-element-populated\">\n\t\t\t\t\t\t<section class=\"elementor-section elementor-inner-section elementor-element elementor-element-d631025 elementor-section-full_width elementor-section-height-default elementor-section-height-default\" data-id=\"d631025\" data-element_type=\"section\">\n\t\t\t\t\t\t<div class=\"elementor-container elementor-column-gap-no\">\n\t\t\t\t\t<div class=\"elementor-column elementor-col-100 elementor-inner-column elementor-element elementor-element-5e4a964\" data-id=\"5e4a964\" data-element_type=\"column\">\n\t\t\t<div class=\"elementor-widget-wrap elementor-element-populated\">\n\t\t\t\t\t\t<div class=\"elementor-element elementor-element-769dc1f elementor-widget elementor-widget-rasmtestimonialslider\" data-id=\"769dc1f\" data-element_type=\"widget\" data-widget_type=\"rasmtestimonialslider.default\">\n\t\t\t\t<div class=\"elementor-widget-container\">\n\t\t\t\t\t<div class=\"row slider-shadow th-carousel\" data-slide-show=\"3\" data-lg-slide-show=\"2\" data-sm-slide-show=\"1\" data-xs-slide-show=\"1\"><div class=\"col-md-6 col-lg-4\"><div class=\"testi-grid\"><div class=\"testi-grid_img\"><img decoding=\"async\" src=\"https:\/\/beautymehrnaz.ca\/wp-content\/uploads\/2023\/12\/choose_2.svg\" alt=\"choose_2\"  \/><\/div><h3 class=\"box-title th-text\">I tried the scalp treatment and absolutely loved it! My scalp feels so clean and refreshed, and the dryness I had before is completely gone. Super professional and relaxing experience.<\/h3><div class=\"testi-grid_profile\"><div class=\"media-body\"><h5 class=\"testi-grid_name th-name\">Traitement du cuir chevelu\n<\/h5><\/div><\/div><div class=\"testi-quote\"><img decoding=\"async\" src=\"https:\/\/wordpress.themehour.net\/rasm\/wp-content\/uploads\/2023\/07\/quote.png\" alt=\"quote\"  \/><\/div><\/div><\/div><div class=\"col-md-6 col-lg-4\"><div class=\"testi-grid\"><div class=\"testi-grid_img\"><img decoding=\"async\" src=\"https:\/\/beautymehrnaz.ca\/wp-content\/uploads\/2023\/12\/choose_2.svg\" alt=\"choose_2\"  \/><\/div><h3 class=\"box-title th-text\">Got my nails done here and they turned out perfect! \ud83d\udc85 The designs are beautiful, the products feel high-quality, and the staff were so friendly. Definitely coming back!<\/h3><div class=\"testi-grid_profile\"><div class=\"media-body\"><h5 class=\"testi-grid_name th-name\">Clou<\/h5><\/div><\/div><div class=\"testi-quote\"><img decoding=\"async\" src=\"https:\/\/wordpress.themehour.net\/rasm\/wp-content\/uploads\/2023\/07\/quote.png\" alt=\"quote\"  \/><\/div><\/div><\/div><div class=\"col-md-6 col-lg-4\"><div class=\"testi-grid\"><div class=\"testi-grid_img\"><img decoding=\"async\" src=\"https:\/\/beautymehrnaz.ca\/wp-content\/uploads\/2023\/12\/choose_2.svg\" alt=\"choose_2\"  \/><\/div><h3 class=\"box-title th-text\">The facial was amazing \u2014 my skin feels soft, clean, and glowing even days later. I could tell they really cared about every step. Highly recommend!<\/h3><div class=\"testi-grid_profile\"><div class=\"media-body\"><h5 class=\"testi-grid_name th-name\">Facial<\/h5><\/div><\/div><div class=\"testi-quote\"><img decoding=\"async\" src=\"https:\/\/wordpress.themehour.net\/rasm\/wp-content\/uploads\/2023\/07\/quote.png\" alt=\"quote\"  \/><\/div><\/div><\/div><\/div>\t\t\t\t<\/div>\n\t\t\t\t<\/div>\n\t\t\t\t\t<\/div>\n\t\t<\/div>\n\t\t\t\t\t<\/div>\n\t\t<\/section>\n\t\t\t\t\t<\/div>\n\t\t<\/div>\n\t\t\t\t\t<\/div>\n\t\t<\/section>\n\t\t\t\t\t<\/div>\n\t\t<\/div>\n\t\t\t\t\t<\/div>\n\t\t<\/section>\n\t\t\t\t<\/div>","protected":false},"excerpt":{"rendered":"<p>About Us THE ULTIMATE EXPERIENCE IN BEAUTY AND WELL-BEING. Beauty Mehrnaz, officially registered as Beaut\u00e9 Immortelle, is a premium beauty studio in Canada dedicated to luxury care, relaxation, and confidence. Our hand-picked team, led by Mehrnaz, a certified beauty therapist with over 17 years of experience, offers a curated selection of advanced treatments designed to&#8230;<\/p>","protected":false},"author":1,"featured_media":0,"parent":0,"menu_order":0,"comment_status":"closed","ping_status":"closed","template":"template-builder.php","meta":{"footnotes":""},"class_list":["post-3959","page","type-page","status-publish","hentry"],"_links":{"self":[{"href":"https:\/\/beautymehrnaz.ca\/fr\/wp-json\/wp\/v2\/pages\/3959","targetHints":{"allow":["GET"]}}],"collection":[{"href":"https:\/\/beautymehrnaz.ca\/fr\/wp-json\/wp\/v2\/pages"}],"about":[{"href":"https:\/\/beautymehrnaz.ca\/fr\/wp-json\/wp\/v2\/types\/page"}],"author":[{"embeddable":true,"href":"https:\/\/beautymehrnaz.ca\/fr\/wp-json\/wp\/v2\/users\/1"}],"replies":[{"embeddable":true,"href":"https:\/\/beautymehrnaz.ca\/fr\/wp-json\/wp\/v2\/comments?post=3959"}],"version-history":[{"count":70,"href":"https:\/\/beautymehrnaz.ca\/fr\/wp-json\/wp\/v2\/pages\/3959\/revisions"}],"predecessor-version":[{"id":4588,"href":"https:\/\/beautymehrnaz.ca\/fr\/wp-json\/wp\/v2\/pages\/3959\/revisions\/4588"}],"wp:attachment":[{"href":"https:\/\/beautymehrnaz.ca\/fr\/wp-json\/wp\/v2\/media?parent=3959"}],"curies":[{"name":"wp","href":"https:\/\/api.w.org\/{rel}","templated":true}]}}