{"id":3242,"date":"2024-01-08T14:22:07","date_gmt":"2024-01-08T14:22:07","guid":{"rendered":"https:\/\/themeholy.com\/wordpress\/rasm\/?page_id=3242"},"modified":"2025-11-07T18:47:48","modified_gmt":"2025-11-07T18:47:48","slug":"service","status":"publish","type":"page","link":"https:\/\/beautymehrnaz.ca\/fr\/service\/","title":{"rendered":"Service"},"content":{"rendered":"<div data-elementor-type=\"wp-page\" data-elementor-id=\"3242\" class=\"elementor elementor-3242\">\n\t\t\t\t\t\t<header class=\"elementor-section elementor-top-section elementor-element elementor-element-7aa4888 elementor-section-full_width elementor-section-height-default elementor-section-height-default\" data-id=\"7aa4888\" data-element_type=\"section\" data-settings=\"{&quot;background_background&quot;:&quot;classic&quot;}\">\n\t\t\t\t\t\t<div class=\"elementor-container elementor-column-gap-no\">\n\t\t\t\t\t<div class=\"elementor-column elementor-col-100 elementor-top-column elementor-element elementor-element-c3620a7\" data-id=\"c3620a7\" data-element_type=\"column\" data-settings=\"{&quot;background_background&quot;:&quot;classic&quot;}\">\n\t\t\t<div class=\"elementor-widget-wrap elementor-element-populated\">\n\t\t\t\t\t\t<div class=\"elementor-element elementor-element-3218c51 elementor-widget elementor-widget-rasmheader\" data-id=\"3218c51\" data-element_type=\"widget\" data-widget_type=\"rasmheader.default\">\n\t\t\t\t<div class=\"elementor-widget-container\">\n\t\t\t\t\t    <div class=\"th-menu-wrapper\">\n        <div class=\"th-menu-area text-center\">\n            <button class=\"th-menu-toggle\"><i class=\"fal fa-times\"><\/i><\/button>\n                            <div class=\"mobile-logo\"><h2 class=\"mb-0\"><a class=\"logo\" href=\"https:\/\/beautymehrnaz.ca\/fr\/\"><\/a><\/h2><\/div>                        <div class=\"th-mobile-menu\">\n                <ul id=\"menu-%d9%81%d9%87%d8%b1%d8%b3%d8%aa-%d8%a7%d8%b5%d9%84%db%8c\" class=\"\"><li id=\"menu-item-4139\" class=\"menu-item menu-item-type-custom menu-item-object-custom menu-item-4139\"><a href=\"https:\/\/beautymehrnaz.ca\/fr\/\">Maison<\/a><\/li>\n<li id=\"menu-item-4140\" class=\"menu-item menu-item-type-custom menu-item-object-custom menu-item-4140\"><a href=\"https:\/\/beautymehrnaz.ca\/fr\/about\/\">\u00c0 propos de nous<\/a><\/li>\n<li id=\"menu-item-4144\" class=\"menu-item menu-item-type-custom menu-item-object-custom menu-item-4144\"><a href=\"https:\/\/beautymehrnaz.ca\/fr\/contact\/\">Contactez-nous<\/a><\/li>\n<li id=\"menu-item-4145\" class=\"menu-item menu-item-type-custom menu-item-object-custom menu-item-4145\"><a href=\"https:\/\/beautymehrnaz.ca\/fr\/service\/\">Notre service<\/a><\/li>\n<li id=\"menu-item-4143\" class=\"menu-item menu-item-type-custom menu-item-object-custom menu-item-4143\"><a href=\"https:\/\/www.fresha.com\/book-now\/beaute-immortelle-ijk4ldui\/all-offer?share=true&#038;pId=2698242\">R\u00e9servez maintenant<\/a><\/li>\n<li id=\"menu-item-4142\" class=\"menu-item menu-item-type-custom menu-item-object-custom menu-item-4142\"><a href=\"https:\/\/beautymehrnaz.ca\/fr\/blog\/\">Blog<\/a><\/li>\n<\/ul>            <\/div>\n        <\/div>\n    <\/div>\n\n    <div class=\"sidemenu-wrapper d-none d-lg-block\">\n        <div class=\"sidemenu-content bg-black2\">\n            <button class=\"closeButton sideMenuCls\"><i class=\"far fa-times\"><\/i><\/button>\n            <div id=\"block-13\" class=\"widget widget_block\"><div class=\"widget footer-widget\">\n                <div class=\"th-widget-about\">\n                    <div class=\"about-logo\">\n                        <a href=\"https:\/\/themeholy.com\/wordpress\/rasm\/\"><img decoding=\"async\" src=\"https:\/\/themeholy.com\/wordpress\/rasm\/wp-content\/uploads\/2023\/07\/logo-white.svg\" alt=\"Rasm\"><\/a>\n                    <\/div>\n                    <p class=\"about-text\">Centric applications productize front end portals visualize front end is results and value added<\/p>\n                    <div class=\"working-time\">\n                        <span class=\"title\">We Are Available:<\/span>\n                        <p class=\"desc\">Mon-Sat: 08.00 am to 5.00 pm<\/p>\n                    <\/div>\n                    <div class=\"th-social  footer-social\">\n                        <a href=\"https:\/\/www.facebook.com\/\"><i class=\"fab fa-facebook-f\"><\/i><\/a>\n                        <a href=\"https:\/\/www.twitter.com\/\"><i class=\"fab fa-twitter\"><\/i><\/a>\n                        <a href=\"https:\/\/www.linkedin.com\/\"><i class=\"fab fa-linkedin-in\"><\/i><\/a>\n                        <a href=\"https:\/\/www.behance.net\/\"><i class=\"fa-brands fa-behance\"><\/i><\/a>\n                    <\/div>\n                <\/div>\n            <\/div><\/div><div id=\"block-14\" class=\"widget widget_block\">\n<div class=\"wp-block-group\"><div class=\"wp-block-group__inner-container\"><\/div><\/div>\n<\/div><div id=\"rasm_newsletter_widget-1\" class=\"widget widget_newsletter widget footer-widget\"><h3 class=\"widget_title\">Newsletter<\/h3><div class=\"newsletter-widget\"><p class=\"md-10\">Sign Up to get updates &amp; news about us . Get Latest Deals from Walker&#039;s Inbox to our mail address.<\/p><div class=\"footer-search-contact mt-25\"><form class=\"newsletter-widget\" action=\"\"><input class=\"form-control\" type=\"email\" placeholder=\"Your Email Address\"><input type=\"hidden\" name=\"trp-form-language\" value=\"fr\"\/><\/form> <div class=\"footer-btn mt-10\"><button type=\"submit\" class=\"th-btn style3 fw-btn\">Subscribe Now <i class=\"fa-regular fa-arrow-right\"><\/i><\/button><\/div><\/div><\/div><\/div>        <\/div>\n    <\/div>\n    \n<div class=\"popup-search-box d-none d-lg-block\"><button class=\"searchClose\"><i class=\"fal fa-times\"><\/i><\/button><form role=\"search\" method=\"get\" action=\"https:\/\/beautymehrnaz.ca\/fr\/\" data-trp-original-action=\"https:\/\/beautymehrnaz.ca\/fr\/\"><input value=\"\" name=\"s\" required type=\"search\" placeholder=\"What are you looking for?\"><button type=\"submit\"><i class=\"fal fa-search\"><\/i><\/button><input type=\"hidden\" name=\"trp-form-language\" value=\"fr\"\/><\/form><\/div><header class=\"th-header header-layout10\"><div class=\"header-top\"><div class=\"container th-container\"><div class=\"row justify-content-end justify-content-xl-between align-items-center gy-2\"><div class=\"col-auto d-none d-xl-block\"><div class=\"header-links\"><ul><li><i class=\"fa-thin fa-phone\"><\/i><a href=\"tel:4385303243\">4385303243<\/a><\/li><li><i class=\"fa-thin fa-envelope\"><\/i><a href=\"mailto:mrs.mehrnaz@gmail.con\">mrs.mehrnaz@gmail.con<\/a><\/li><li><\/li><\/ul><\/div><\/div><\/div><\/div><\/div><div class=\"sticky-wrapper\"><!-- Main Menu Area --> <div class=\"menu-area\"><div class=\"container th-container\"><div class=\"row align-items-center justify-content-between\"><div class=\"col-auto\"><div class=\"header-logo\"><a href=\"https:\/\/beautymehrnaz.ca\/fr\/\"><img decoding=\"async\" src=\"https:\/\/beautymehrnaz.ca\/wp-content\/uploads\/2023\/10\/image-e1761698568943.png\" alt=\"Plumer\"><\/a><\/div><\/div><div class=\"col-auto me-xl-auto\"><nav class=\"main-menu d-none d-lg-inline-block\"><ul id=\"menu-%d9%81%d9%87%d8%b1%d8%b3%d8%aa-%d8%a7%d8%b5%d9%84%db%8c-1\" class=\"rasm-menu\"><li class=\"menu-item menu-item-type-custom menu-item-object-custom menu-item-4139\"><a href=\"https:\/\/beautymehrnaz.ca\/fr\/\">Maison<\/a><\/li>\n<li class=\"menu-item menu-item-type-custom menu-item-object-custom menu-item-4140\"><a href=\"https:\/\/beautymehrnaz.ca\/fr\/about\/\">\u00c0 propos de nous<\/a><\/li>\n<li class=\"menu-item menu-item-type-custom menu-item-object-custom menu-item-4144\"><a href=\"https:\/\/beautymehrnaz.ca\/fr\/contact\/\">Contactez-nous<\/a><\/li>\n<li class=\"menu-item menu-item-type-custom menu-item-object-custom menu-item-4145\"><a href=\"https:\/\/beautymehrnaz.ca\/fr\/service\/\">Notre service<\/a><\/li>\n<li class=\"menu-item menu-item-type-custom menu-item-object-custom menu-item-4143\"><a href=\"https:\/\/www.fresha.com\/book-now\/beaute-immortelle-ijk4ldui\/all-offer?share=true&#038;pId=2698242\">R\u00e9servez maintenant<\/a><\/li>\n<li class=\"menu-item menu-item-type-custom menu-item-object-custom menu-item-4142\"><a href=\"https:\/\/beautymehrnaz.ca\/fr\/blog\/\">Blog<\/a><\/li>\n<\/ul><\/nav><button class=\"th-menu-toggle d-inline-block d-lg-none\"><i class=\"far fa-bars\"><\/i><\/button><\/div><div class=\"col-auto d-none d-xl-block\"><div class=\"header-button\"><\/div><\/div><\/div><\/div><div class=\"logo-bg\"><\/div><\/div><\/div><\/header>\t\t\t\t<\/div>\n\t\t\t\t<\/div>\n\t\t\t\t\t<\/div>\n\t\t<\/div>\n\t\t\t\t\t<\/div>\n\t\t<\/header>\n\t\t\t\t<section class=\"elementor-section elementor-top-section elementor-element elementor-element-b80c382 elementor-section-full_width elementor-section-height-default elementor-section-height-default\" data-id=\"b80c382\" data-element_type=\"section\">\n\t\t\t\t\t\t<div class=\"elementor-container elementor-column-gap-no\">\n\t\t\t\t\t<div class=\"elementor-column elementor-col-100 elementor-top-column elementor-element elementor-element-d8956bd\" data-id=\"d8956bd\" data-element_type=\"column\">\n\t\t\t<div class=\"elementor-widget-wrap elementor-element-populated\">\n\t\t\t\t\t\t<div class=\"elementor-element elementor-element-dee5322 elementor-widget elementor-widget-rasmbanner\" data-id=\"dee5322\" data-element_type=\"widget\" data-widget_type=\"rasmbanner.default\">\n\t\t\t\t<div class=\"elementor-widget-container\">\n\t\t\t\t\t<section class=\"th-hero-wrapper hero-10\" id=\"hero\"><div class=\"hero-slider-10 th-carousel th-dots\" id=\"heroSlide10\" data-fade=\"true\" data-slide-show=\"1\" data-md-slide-show=\"1\" data-dots=\"true\" data-xl-dots=\"true\" data-ml-dots=\"true\" data-lg-dots=\"true\"><div class=\"th-hero-slide\"><div class=\"th-hero-bg\" data-bg-src=\"https:\/\/wordpress.themehour.net\/rasm\/wp-content\/uploads\/2024\/01\/hero_bg_1_11.jpg\"><\/div><div class=\"container\"><div class=\"row align-items-center\"><div class=\"col-12\"><div class=\"hero-style10\"><div data-ani=\"slideinup\" data-ani-delay=\"0.4s\"><img decoding=\"async\" src=\"\" alt=\"\"><\/div><h3 class=\"hero-title\" data-ani=\"slideinup\" data-ani-delay=\"0.6s\">Notre service<\/h3><div class=\"btn-group mt-50 justify-content-center\" data-ani=\"slideinup\" data-ani-delay=\"0.8s\"><a href=\"https:\/\/beautymehrnaz.ca\/fr\/about\/\" class=\"th-btn style3\">Apprendre encore plus<i class=\"fa-regular fa-arrow-right ms-2\"><\/i><\/a><\/div><\/div><\/div><\/div><\/div><\/div><\/div><div class=\"shape-mockup hero_wrap d-none d-xxl-block\" data-bottom=\"0%\" data-left=\"0%\"><img decoding=\"async\" src=\"https:\/\/wordpress.themehour.net\/rasm\/wp-content\/uploads\/2024\/01\/shape_1-1.png\" alt=\"shape\"><\/div><div class=\"shape-mockup hero_wrap d-none d-xxl-block\" data-bottom=\"0%\" data-right=\"0%\"><img decoding=\"async\" src=\"https:\/\/wordpress.themehour.net\/rasm\/wp-content\/uploads\/2024\/01\/shape_2.png\" alt=\"shape\"><\/div><\/section>\t\t\t\t<\/div>\n\t\t\t\t<\/div>\n\t\t\t\t\t<\/div>\n\t\t<\/div>\n\t\t\t\t\t<\/div>\n\t\t<\/section>\n\t\t\t\t<section class=\"elementor-section elementor-top-section elementor-element elementor-element-e942249 elementor-section-full_width elementor-section-height-default elementor-section-height-default\" data-id=\"e942249\" data-element_type=\"section\" data-settings=\"{&quot;background_background&quot;:&quot;classic&quot;}\">\n\t\t\t\t\t\t<div class=\"elementor-container elementor-column-gap-no\">\n\t\t\t\t\t<div class=\"elementor-column elementor-col-100 elementor-top-column elementor-element elementor-element-9d74b91\" data-id=\"9d74b91\" data-element_type=\"column\">\n\t\t\t<div class=\"elementor-widget-wrap elementor-element-populated\">\n\t\t\t\t\t\t<div class=\"shape-mockup-area elementor-element elementor-element-68424c3 elementor-widget elementor-widget-rasmshapeimage\" data-id=\"68424c3\" data-element_type=\"widget\" data-widget_type=\"rasmshapeimage.default\">\n\t\t\t\t<div class=\"elementor-widget-container\">\n\t\t\t\t\t<!-- Image --><div class=\"shape-mockup  d-lg-block d-none Classical\" data-top=\"10px\" data-left=\"0.0001px\"><img decoding=\"async\" src=\"https:\/\/wordpress.themehour.net\/rasm\/wp-content\/uploads\/2024\/01\/shape_3.png\" alt=\"\" ><\/div><!-- End Image -->\t\t\t\t<\/div>\n\t\t\t\t<\/div>\n\t\t\t\t<section class=\"elementor-section elementor-inner-section elementor-element elementor-element-506b3f4 elementor-section-boxed elementor-section-height-default elementor-section-height-default\" data-id=\"506b3f4\" data-element_type=\"section\">\n\t\t\t\t\t\t<div class=\"elementor-container elementor-column-gap-no\">\n\t\t\t\t\t<div class=\"elementor-column elementor-col-100 elementor-inner-column elementor-element elementor-element-9f724f4\" data-id=\"9f724f4\" data-element_type=\"column\">\n\t\t\t<div class=\"elementor-widget-wrap elementor-element-populated\">\n\t\t\t\t\t\t<div class=\"elementor-element elementor-element-6d6a254 elementor-widget elementor-widget-rasmsectiontitle\" data-id=\"6d6a254\" data-element_type=\"widget\" data-widget_type=\"rasmsectiontitle.default\">\n\t\t\t\t<div class=\"elementor-widget-container\">\n\t\t\t\t\t<div class=\"title-area\" ><span class=\"sub-title subtitle-selector\">notre service<\/span><img decoding=\"async\" src=\"https:\/\/wordpress.themehour.net\/rasm\/wp-content\/uploads\/2023\/07\/title_shape_1.svg\" alt=\"title_shape_1\"  class=\"icon\" \/><h2 class=\"sec-title title-selector\">Notre service toutes cat\u00e9gories<\/h2><\/div>\t\t\t\t<\/div>\n\t\t\t\t<\/div>\n\t\t\t\t\t<\/div>\n\t\t<\/div>\n\t\t\t\t\t<\/div>\n\t\t<\/section>\n\t\t\t\t<section class=\"elementor-section elementor-inner-section elementor-element elementor-element-e349422 elementor-section-boxed elementor-section-height-default elementor-section-height-default\" data-id=\"e349422\" data-element_type=\"section\">\n\t\t\t\t\t\t<div class=\"elementor-container elementor-column-gap-no\">\n\t\t\t\t\t<div class=\"elementor-column elementor-col-100 elementor-inner-column elementor-element elementor-element-8152b81\" data-id=\"8152b81\" data-element_type=\"column\">\n\t\t\t<div class=\"elementor-widget-wrap elementor-element-populated\">\n\t\t\t\t\t\t<section class=\"elementor-section elementor-inner-section elementor-element elementor-element-b8a4d83 elementor-section-boxed elementor-section-height-default elementor-section-height-default\" data-id=\"b8a4d83\" data-element_type=\"section\">\n\t\t\t\t\t\t<div class=\"elementor-container elementor-column-gap-no\">\n\t\t\t\t\t<div class=\"elementor-column elementor-col-100 elementor-inner-column elementor-element elementor-element-5e70cb8\" data-id=\"5e70cb8\" data-element_type=\"column\">\n\t\t\t<div class=\"elementor-widget-wrap elementor-element-populated\">\n\t\t\t\t\t\t<div class=\"elementor-element elementor-element-a8c9169 elementor-widget elementor-widget-rasmservice\" data-id=\"a8c9169\" data-element_type=\"widget\" data-widget_type=\"rasmservice.default\">\n\t\t\t\t<div class=\"elementor-widget-container\">\n\t\t\t\t\t<div class=\"row slider-shadow th-carousel number-dots\" id=\"serviceSlide\" data-slide-show=\"4\" data-lg-slide-show=\"3\" data-md-slide-show=\"2\" data-sm-slide-show=\"2\" data-dots=\"true\" data-xl-dots=\"true\" data-ml-dots=\"true\" data-lg-dots=\"true\" data-md-dots=\"true\"><div class=\"col-md-6 col-lg-6 col-xl-4\"><div class=\"service-box\"><div class=\"service-box_icon\"><div class=\"global-icon\"><img decoding=\"async\" src=\"https:\/\/beautymehrnaz.ca\/wp-content\/uploads\/2023\/11\/price_1_2.svg\" alt=\"price_1_2\"  \/><\/div><\/div><h3 class=\"th-title box-title\"><a href=\"https:\/\/beautymehrnaz.ca\/fr\/scalp-treatment\/\">traitement du cuir chevelu \n<\/a><\/h3><p class=\"service-box_text th-desc\">Soin du cuir chevelu pour des cheveux et une peau en bonne sant\u00e9 et \u00e9quilibr\u00e9s.<\/p><\/div><\/div><div class=\"col-md-6 col-lg-6 col-xl-4\"><div class=\"service-box\"><div class=\"service-box_icon\"><div class=\"global-icon\"><img decoding=\"async\" src=\"https:\/\/beautymehrnaz.ca\/wp-content\/uploads\/2023\/08\/service_1_5.svg\" alt=\"service_1_5\"  \/><\/div><\/div><h3 class=\"th-title box-title\"><a href=\"https:\/\/beautymehrnaz.ca\/fr\/nail-2\/\">clou <\/a><\/h3><p class=\"service-box_text th-desc\">Nail design, extensions &amp; repair<\/p><\/div><\/div><div class=\"col-md-6 col-lg-6 col-xl-4\"><div class=\"service-box\"><div class=\"service-box_icon\"><div class=\"global-icon\"><img decoding=\"async\" src=\"https:\/\/beautymehrnaz.ca\/wp-content\/uploads\/2023\/08\/service_4_2.svg\" alt=\"service_4_2\"  \/><\/div><\/div><h3 class=\"th-title box-title\"><a href=\"https:\/\/beautymehrnaz.ca\/fr\/facial-treatment\/\">soin du visage \n<\/a><\/h3><p class=\"service-box_text th-desc\">Soins du visage pour une peau \u00e9clatante et jeune.<\/p><\/div><\/div><div class=\"col-md-6 col-lg-6 col-xl-4\"><div class=\"service-box\"><div class=\"service-box_icon\"><div class=\"global-icon\"><img decoding=\"async\" src=\"https:\/\/beautymehrnaz.ca\/wp-content\/uploads\/2024\/01\/about_1.svg\" alt=\"about_1\"  \/><\/div><\/div><h3 class=\"th-title box-title\"><a href=\"https:\/\/beautymehrnaz.ca\/fr\/eyelash-lift\/\">rehaussement de cils<\/a><\/h3><p class=\"service-box_text th-desc\"> Rehaussement des cils et des sourcils pour un look naturellement magnifique.<\/p><\/div><\/div><\/div>\t\t\t\t<\/div>\n\t\t\t\t<\/div>\n\t\t\t\t\t<\/div>\n\t\t<\/div>\n\t\t\t\t\t<\/div>\n\t\t<\/section>\n\t\t\t\t\t<\/div>\n\t\t<\/div>\n\t\t\t\t\t<\/div>\n\t\t<\/section>\n\t\t\t\t\t<\/div>\n\t\t<\/div>\n\t\t\t\t\t<\/div>\n\t\t<\/section>\n\t\t\t\t<section class=\"elementor-section elementor-top-section elementor-element elementor-element-681998c elementor-section-full_width elementor-section-height-default elementor-section-height-default\" data-id=\"681998c\" data-element_type=\"section\" data-settings=\"{&quot;background_background&quot;:&quot;classic&quot;}\">\n\t\t\t\t\t\t<div class=\"elementor-container elementor-column-gap-no\">\n\t\t\t\t\t<div class=\"elementor-column elementor-col-100 elementor-top-column elementor-element elementor-element-38fcd78\" data-id=\"38fcd78\" data-element_type=\"column\">\n\t\t\t<div class=\"elementor-widget-wrap elementor-element-populated\">\n\t\t\t\t\t\t<div class=\"shape-mockup-area elementor-element elementor-element-8f7b25b elementor-widget elementor-widget-rasmshapeimage\" data-id=\"8f7b25b\" data-element_type=\"widget\" data-widget_type=\"rasmshapeimage.default\">\n\t\t\t\t<div class=\"elementor-widget-container\">\n\t\t\t\t\t<!-- Image --><div class=\"shape-mockup  d-lg-block d-none Classical\" data-top=\"10px\" data-left=\"0.0001px\"><img decoding=\"async\" src=\"https:\/\/wordpress.themehour.net\/rasm\/wp-content\/uploads\/2024\/01\/shape_3.png\" alt=\"\" ><\/div><!-- End Image -->\t\t\t\t<\/div>\n\t\t\t\t<\/div>\n\t\t\t\t<section class=\"elementor-section elementor-inner-section elementor-element elementor-element-d53a62c elementor-section-boxed elementor-section-height-default elementor-section-height-default\" data-id=\"d53a62c\" data-element_type=\"section\">\n\t\t\t\t\t\t<div class=\"elementor-container elementor-column-gap-no\">\n\t\t\t\t\t<div class=\"elementor-column elementor-col-100 elementor-inner-column elementor-element elementor-element-7aa4f44\" data-id=\"7aa4f44\" data-element_type=\"column\">\n\t\t\t<div class=\"elementor-widget-wrap elementor-element-populated\">\n\t\t\t\t\t\t<div class=\"elementor-element elementor-element-77135fb elementor-widget elementor-widget-rasmsectiontitle\" data-id=\"77135fb\" data-element_type=\"widget\" data-widget_type=\"rasmsectiontitle.default\">\n\t\t\t\t<div class=\"elementor-widget-container\">\n\t\t\t\t\t<div class=\"title-area\" ><span class=\"sub-title subtitle-selector\">T\u00e9moignages<\/span><img decoding=\"async\" src=\"https:\/\/wordpress.themehour.net\/rasm\/wp-content\/uploads\/2023\/07\/title_shape_1.svg\" alt=\"title_shape_1\"  class=\"icon\" \/><h2 class=\"sec-title title-selector\">Ce que nos clients ont \u00e0 dire !<\/h2><\/div>\t\t\t\t<\/div>\n\t\t\t\t<\/div>\n\t\t\t\t\t<\/div>\n\t\t<\/div>\n\t\t\t\t\t<\/div>\n\t\t<\/section>\n\t\t\t\t<section class=\"elementor-section elementor-inner-section elementor-element elementor-element-d0844bb elementor-section-boxed elementor-section-height-default elementor-section-height-default\" data-id=\"d0844bb\" data-element_type=\"section\">\n\t\t\t\t\t\t<div class=\"elementor-container elementor-column-gap-no\">\n\t\t\t\t\t<div class=\"elementor-column elementor-col-100 elementor-inner-column elementor-element elementor-element-4deecbd\" data-id=\"4deecbd\" data-element_type=\"column\">\n\t\t\t<div class=\"elementor-widget-wrap elementor-element-populated\">\n\t\t\t\t\t\t<section class=\"elementor-section elementor-inner-section elementor-element elementor-element-cfefcca elementor-section-full_width elementor-section-height-default elementor-section-height-default\" data-id=\"cfefcca\" data-element_type=\"section\">\n\t\t\t\t\t\t<div class=\"elementor-container elementor-column-gap-no\">\n\t\t\t\t\t<div class=\"elementor-column elementor-col-100 elementor-inner-column elementor-element elementor-element-d615088\" data-id=\"d615088\" data-element_type=\"column\">\n\t\t\t<div class=\"elementor-widget-wrap elementor-element-populated\">\n\t\t\t\t\t\t<div class=\"elementor-element elementor-element-dde0b18 elementor-widget elementor-widget-rasmtestimonialslider\" data-id=\"dde0b18\" data-element_type=\"widget\" data-widget_type=\"rasmtestimonialslider.default\">\n\t\t\t\t<div class=\"elementor-widget-container\">\n\t\t\t\t\t<div class=\"row slider-shadow th-carousel\" data-slide-show=\"3\" data-lg-slide-show=\"2\" data-sm-slide-show=\"1\" data-xs-slide-show=\"1\"><div class=\"col-md-6 col-lg-4\"><div class=\"testi-grid\"><div class=\"testi-grid_img\"><img decoding=\"async\" src=\"https:\/\/beautymehrnaz.ca\/wp-content\/uploads\/2023\/12\/choose_2.svg\" alt=\"choose_2\"  \/><\/div><h3 class=\"box-title th-text\">I tried the scalp treatment and absolutely loved it! My scalp feels so clean and refreshed, and the dryness I had before is completely gone. Super professional and relaxing experience.<\/h3><div class=\"testi-grid_profile\"><div class=\"media-body\"><h5 class=\"testi-grid_name th-name\">Traitement du cuir chevelu\n<\/h5><\/div><\/div><div class=\"testi-quote\"><img decoding=\"async\" src=\"https:\/\/wordpress.themehour.net\/rasm\/wp-content\/uploads\/2023\/07\/quote.png\" alt=\"quote\"  \/><\/div><\/div><\/div><div class=\"col-md-6 col-lg-4\"><div class=\"testi-grid\"><div class=\"testi-grid_img\"><img decoding=\"async\" src=\"https:\/\/beautymehrnaz.ca\/wp-content\/uploads\/2023\/12\/choose_2.svg\" alt=\"choose_2\"  \/><\/div><h3 class=\"box-title th-text\">Got my nails done here and they turned out perfect! \ud83d\udc85 The designs are beautiful, the products feel high-quality, and the staff were so friendly. Definitely coming back!<\/h3><div class=\"testi-grid_profile\"><div class=\"media-body\"><h5 class=\"testi-grid_name th-name\">Clou<\/h5><\/div><\/div><div class=\"testi-quote\"><img decoding=\"async\" src=\"https:\/\/wordpress.themehour.net\/rasm\/wp-content\/uploads\/2023\/07\/quote.png\" alt=\"quote\"  \/><\/div><\/div><\/div><div class=\"col-md-6 col-lg-4\"><div class=\"testi-grid\"><div class=\"testi-grid_img\"><img decoding=\"async\" src=\"https:\/\/beautymehrnaz.ca\/wp-content\/uploads\/2023\/12\/choose_2.svg\" alt=\"choose_2\"  \/><\/div><h3 class=\"box-title th-text\">The facial was amazing \u2014 my skin feels soft, clean, and glowing even days later. I could tell they really cared about every step. Highly recommend!<\/h3><div class=\"testi-grid_profile\"><div class=\"media-body\"><h5 class=\"testi-grid_name th-name\">Facial<\/h5><\/div><\/div><div class=\"testi-quote\"><img decoding=\"async\" src=\"https:\/\/wordpress.themehour.net\/rasm\/wp-content\/uploads\/2023\/07\/quote.png\" alt=\"quote\"  \/><\/div><\/div><\/div><\/div>\t\t\t\t<\/div>\n\t\t\t\t<\/div>\n\t\t\t\t\t<\/div>\n\t\t<\/div>\n\t\t\t\t\t<\/div>\n\t\t<\/section>\n\t\t\t\t\t<\/div>\n\t\t<\/div>\n\t\t\t\t\t<\/div>\n\t\t<\/section>\n\t\t\t\t\t<\/div>\n\t\t<\/div>\n\t\t\t\t\t<\/div>\n\t\t<\/section>\n\t\t\t\t<\/div>","protected":false},"excerpt":{"rendered":"<p>Home About Us Contact us Our Service Book Now Blog Centric applications productize front end portals visualize front end is results and value added We Are Available: Mon-Sat: 08.00 am to 5.00 pm Newsletter Sign Up to get updates &amp; news about us . Get Latest Deals from Walker&#039;s Inbox to our mail address. Subscribe&#8230;<\/p>","protected":false},"author":1,"featured_media":0,"parent":0,"menu_order":0,"comment_status":"closed","ping_status":"closed","template":"template-builder.php","meta":{"footnotes":""},"class_list":["post-3242","page","type-page","status-publish","hentry"],"_links":{"self":[{"href":"https:\/\/beautymehrnaz.ca\/fr\/wp-json\/wp\/v2\/pages\/3242","targetHints":{"allow":["GET"]}}],"collection":[{"href":"https:\/\/beautymehrnaz.ca\/fr\/wp-json\/wp\/v2\/pages"}],"about":[{"href":"https:\/\/beautymehrnaz.ca\/fr\/wp-json\/wp\/v2\/types\/page"}],"author":[{"embeddable":true,"href":"https:\/\/beautymehrnaz.ca\/fr\/wp-json\/wp\/v2\/users\/1"}],"replies":[{"embeddable":true,"href":"https:\/\/beautymehrnaz.ca\/fr\/wp-json\/wp\/v2\/comments?post=3242"}],"version-history":[{"count":86,"href":"https:\/\/beautymehrnaz.ca\/fr\/wp-json\/wp\/v2\/pages\/3242\/revisions"}],"predecessor-version":[{"id":4574,"href":"https:\/\/beautymehrnaz.ca\/fr\/wp-json\/wp\/v2\/pages\/3242\/revisions\/4574"}],"wp:attachment":[{"href":"https:\/\/beautymehrnaz.ca\/fr\/wp-json\/wp\/v2\/media?parent=3242"}],"curies":[{"name":"wp","href":"https:\/\/api.w.org\/{rel}","templated":true}]}}